{"id":8603,"date":"2020-03-07T16:02:14","date_gmt":"2020-03-07T16:02:14","guid":{"rendered":"https:\/\/graylingglobal.wpengine.com\/our-offices\/"},"modified":"2024-04-30T11:46:21","modified_gmt":"2024-04-30T10:46:21","slug":"nasze-biura","status":"publish","type":"page","link":"https:\/\/grayling.com\/pl\/nasze-biura\/","title":{"rendered":"Nasze biura"},"content":{"rendered":"<h1>Lokalna agencja na \u015bwiecie<\/h1>\n<p>Mamy kreatywno\u015b\u0107, wiedz\u0119 kulturow\u0105 i elastyczno\u015b\u0107 butiku. Jeste\u015bmy jednak po\u0142\u0105czeni z sieci\u0105 ponad 25 biur w ca\u0142ej Europie i 30 na ca\u0142ym \u015bwiecie, dzi\u0119ki czemu zyskujesz zasi\u0119g, wp\u0142yw i perspektyw\u0119 globalnej agencji. To co\u015b, co mo\u017cna nazwa\u0107 najlepszym z obu \u015bwiat\u00f3w.<\/p>\n","protected":false},"excerpt":{"rendered":"Lokalna agencja na \u015bwiecie Mamy kreatywno\u015b\u0107, wiedz\u0119 kulturow\u0105 i elastyczno\u015b\u0107 butiku. Jeste\u015bmy jednak po\u0142\u0105czeni z sieci\u0105 ponad 25 biur w ca\u0142ej Europie i 30 na ca\u0142ym \u015bwiecie, dzi\u0119ki czemu zyskujesz zasi\u0119g, wp\u0142yw i perspektyw\u0119 globalnej agencji. To co\u015b, co mo\u017cna nazwa\u0107 najlepszym z obu \u015bwiat\u00f3w.","protected":false},"author":5,"featured_media":0,"parent":0,"menu_order":33,"comment_status":"closed","ping_status":"closed","template":"template-offices.php","meta":{"footnotes":""},"class_list":["post-8603","page","type-page","status-publish","hentry"],"acf":[],"yoast_head":"<!-- This site is optimized with the Yoast SEO plugin v26.9 - https:\/\/yoast.com\/product\/yoast-seo-wordpress\/ -->\n<title>Nasze biura | Grayling<\/title>\n<meta name=\"description\" content=\"Znajd\u017a lokalne biuro Grayling i skontaktuj si\u0119 z nami, aby dowiedzie\u0107 si\u0119, jak mo\u017cemy pom\u00f3c Twojej firmie.\" \/>\n<meta name=\"robots\" content=\"index, follow, max-snippet:-1, max-image-preview:large, max-video-preview:-1\" \/>\n<link rel=\"canonical\" href=\"https:\/\/grayling.com\/pl\/nasze-biura\/\" \/>\n<meta property=\"og:locale\" content=\"pl_PL\" \/>\n<meta property=\"og:type\" content=\"article\" \/>\n<meta property=\"og:title\" content=\"Nasze biura | Grayling\" \/>\n<meta property=\"og:description\" content=\"Znajd\u017a lokalne biuro Grayling i skontaktuj si\u0119 z nami, aby dowiedzie\u0107 si\u0119, jak mo\u017cemy pom\u00f3c Twojej firmie.\" \/>\n<meta property=\"og:url\" content=\"https:\/\/grayling.com\/pl\/nasze-biura\/\" \/>\n<meta property=\"og:site_name\" content=\"Grayling\" \/>\n<meta property=\"article:modified_time\" content=\"2024-04-30T10:46:21+00:00\" \/>\n<meta name=\"twitter:card\" content=\"summary_large_image\" \/>\n<meta name=\"twitter:label1\" content=\"Szacowany czas czytania\" \/>\n\t<meta name=\"twitter:data1\" content=\"1 minute\" \/>\n<script type=\"application\/ld+json\" class=\"yoast-schema-graph\">{\"@context\":\"https:\/\/schema.org\",\"@graph\":[{\"@type\":\"WebPage\",\"@id\":\"https:\/\/grayling.com\/pl\/nasze-biura\/\",\"url\":\"https:\/\/grayling.com\/pl\/nasze-biura\/\",\"name\":\"Nasze biura | Grayling\",\"isPartOf\":{\"@id\":\"https:\/\/grayling.com\/pl\/#website\"},\"datePublished\":\"2020-03-07T16:02:14+00:00\",\"dateModified\":\"2024-04-30T10:46:21+00:00\",\"description\":\"Znajd\u017a lokalne biuro Grayling i skontaktuj si\u0119 z nami, aby dowiedzie\u0107 si\u0119, jak mo\u017cemy pom\u00f3c Twojej firmie.\",\"breadcrumb\":{\"@id\":\"https:\/\/grayling.com\/pl\/nasze-biura\/#breadcrumb\"},\"inLanguage\":\"pl-PL\",\"potentialAction\":[{\"@type\":\"ReadAction\",\"target\":[\"https:\/\/grayling.com\/pl\/nasze-biura\/\"]}]},{\"@type\":\"BreadcrumbList\",\"@id\":\"https:\/\/grayling.com\/pl\/nasze-biura\/#breadcrumb\",\"itemListElement\":[{\"@type\":\"ListItem\",\"position\":1,\"name\":\"Home\",\"item\":\"https:\/\/grayling.com\/pl\/\"},{\"@type\":\"ListItem\",\"position\":2,\"name\":\"Nasze biura\"}]},{\"@type\":\"WebSite\",\"@id\":\"https:\/\/grayling.com\/pl\/#website\",\"url\":\"https:\/\/grayling.com\/pl\/\",\"name\":\"Grayling\",\"description\":\"We create advantage\",\"publisher\":{\"@id\":\"https:\/\/grayling.com\/pl\/#organization\"},\"potentialAction\":[{\"@type\":\"SearchAction\",\"target\":{\"@type\":\"EntryPoint\",\"urlTemplate\":\"https:\/\/grayling.com\/pl\/?s={search_term_string}\"},\"query-input\":{\"@type\":\"PropertyValueSpecification\",\"valueRequired\":true,\"valueName\":\"search_term_string\"}}],\"inLanguage\":\"pl-PL\"},{\"@type\":\"Organization\",\"@id\":\"https:\/\/grayling.com\/pl\/#organization\",\"name\":\"Grayling\",\"url\":\"https:\/\/grayling.com\/pl\/\",\"logo\":{\"@type\":\"ImageObject\",\"inLanguage\":\"pl-PL\",\"@id\":\"https:\/\/grayling.com\/pl\/#\/schema\/logo\/image\/\",\"url\":\"https:\/\/grayling.com\/wp-content\/uploads\/2020\/08\/logo.jpg\",\"contentUrl\":\"https:\/\/grayling.com\/wp-content\/uploads\/2020\/08\/logo.jpg\",\"width\":2009,\"height\":510,\"caption\":\"Grayling\"},\"image\":{\"@id\":\"https:\/\/grayling.com\/pl\/#\/schema\/logo\/image\/\"}}]}<\/script>\n<!-- \/ Yoast SEO plugin. -->","yoast_head_json":{"title":"Nasze biura | Grayling","description":"Znajd\u017a lokalne biuro Grayling i skontaktuj si\u0119 z nami, aby dowiedzie\u0107 si\u0119, jak mo\u017cemy pom\u00f3c Twojej firmie.","robots":{"index":"index","follow":"follow","max-snippet":"max-snippet:-1","max-image-preview":"max-image-preview:large","max-video-preview":"max-video-preview:-1"},"canonical":"https:\/\/grayling.com\/pl\/nasze-biura\/","og_locale":"pl_PL","og_type":"article","og_title":"Nasze biura | Grayling","og_description":"Znajd\u017a lokalne biuro Grayling i skontaktuj si\u0119 z nami, aby dowiedzie\u0107 si\u0119, jak mo\u017cemy pom\u00f3c Twojej firmie.","og_url":"https:\/\/grayling.com\/pl\/nasze-biura\/","og_site_name":"Grayling","article_modified_time":"2024-04-30T10:46:21+00:00","twitter_card":"summary_large_image","twitter_misc":{"Szacowany czas czytania":"1 minute"},"schema":{"@context":"https:\/\/schema.org","@graph":[{"@type":"WebPage","@id":"https:\/\/grayling.com\/pl\/nasze-biura\/","url":"https:\/\/grayling.com\/pl\/nasze-biura\/","name":"Nasze biura | Grayling","isPartOf":{"@id":"https:\/\/grayling.com\/pl\/#website"},"datePublished":"2020-03-07T16:02:14+00:00","dateModified":"2024-04-30T10:46:21+00:00","description":"Znajd\u017a lokalne biuro Grayling i skontaktuj si\u0119 z nami, aby dowiedzie\u0107 si\u0119, jak mo\u017cemy pom\u00f3c Twojej firmie.","breadcrumb":{"@id":"https:\/\/grayling.com\/pl\/nasze-biura\/#breadcrumb"},"inLanguage":"pl-PL","potentialAction":[{"@type":"ReadAction","target":["https:\/\/grayling.com\/pl\/nasze-biura\/"]}]},{"@type":"BreadcrumbList","@id":"https:\/\/grayling.com\/pl\/nasze-biura\/#breadcrumb","itemListElement":[{"@type":"ListItem","position":1,"name":"Home","item":"https:\/\/grayling.com\/pl\/"},{"@type":"ListItem","position":2,"name":"Nasze biura"}]},{"@type":"WebSite","@id":"https:\/\/grayling.com\/pl\/#website","url":"https:\/\/grayling.com\/pl\/","name":"Grayling","description":"We create advantage","publisher":{"@id":"https:\/\/grayling.com\/pl\/#organization"},"potentialAction":[{"@type":"SearchAction","target":{"@type":"EntryPoint","urlTemplate":"https:\/\/grayling.com\/pl\/?s={search_term_string}"},"query-input":{"@type":"PropertyValueSpecification","valueRequired":true,"valueName":"search_term_string"}}],"inLanguage":"pl-PL"},{"@type":"Organization","@id":"https:\/\/grayling.com\/pl\/#organization","name":"Grayling","url":"https:\/\/grayling.com\/pl\/","logo":{"@type":"ImageObject","inLanguage":"pl-PL","@id":"https:\/\/grayling.com\/pl\/#\/schema\/logo\/image\/","url":"https:\/\/grayling.com\/wp-content\/uploads\/2020\/08\/logo.jpg","contentUrl":"https:\/\/grayling.com\/wp-content\/uploads\/2020\/08\/logo.jpg","width":2009,"height":510,"caption":"Grayling"},"image":{"@id":"https:\/\/grayling.com\/pl\/#\/schema\/logo\/image\/"}}]}},"_links":{"self":[{"href":"https:\/\/grayling.com\/pl\/wp-json\/wp\/v2\/pages\/8603","targetHints":{"allow":["GET"]}}],"collection":[{"href":"https:\/\/grayling.com\/pl\/wp-json\/wp\/v2\/pages"}],"about":[{"href":"https:\/\/grayling.com\/pl\/wp-json\/wp\/v2\/types\/page"}],"author":[{"embeddable":true,"href":"https:\/\/grayling.com\/pl\/wp-json\/wp\/v2\/users\/5"}],"replies":[{"embeddable":true,"href":"https:\/\/grayling.com\/pl\/wp-json\/wp\/v2\/comments?post=8603"}],"version-history":[{"count":0,"href":"https:\/\/grayling.com\/pl\/wp-json\/wp\/v2\/pages\/8603\/revisions"}],"wp:attachment":[{"href":"https:\/\/grayling.com\/pl\/wp-json\/wp\/v2\/media?parent=8603"}],"curies":[{"name":"wp","href":"https:\/\/api.w.org\/{rel}","templated":true}]}}