{"id":8595,"date":"2020-04-01T15:13:03","date_gmt":"2020-04-01T14:13:03","guid":{"rendered":"https:\/\/graylingglobal.wpengine.com\/terms-and-conditions\/"},"modified":"2023-10-18T15:46:14","modified_gmt":"2023-10-18T14:46:14","slug":"terms-and-conditions","status":"publish","type":"page","link":"https:\/\/grayling.com\/pl\/terms-and-conditions\/","title":{"rendered":"Zasady i warunki"},"content":{"rendered":"<p>Informacje zawarte na tej stronie internetowej zosta\u0142y przygotowane wy\u0142\u0105cznie w celu dostarczenia informacji o firmie Grayling, jej sp\u00f3\u0142kach zale\u017cnych i oferowanych przez nie us\u0142ugach. Nie stanowi on oferty sprzeda\u017cy jakichkolwiek papier\u00f3w warto\u015bciowych i nie nale\u017cy na nim polega\u0107 w zwi\u0105zku z jak\u0105kolwiek decyzj\u0105 inwestycyjn\u0105.<\/p>\n<p>Uzyskuj\u0105c dost\u0119p do tej witryny, u\u017cytkownik zgadza si\u0119, \u017ce Grayling nie ponosi odpowiedzialno\u015bci za jakiekolwiek bezpo\u015brednie, po\u015brednie lub wt\u00f3rne straty wynikaj\u0105ce z wykorzystania informacji i materia\u0142\u00f3w zawartych w tej witrynie lub z dost\u0119pu do innych materia\u0142\u00f3w w Internecie za po\u015brednictwem link\u00f3w internetowych z tej witryny. Powy\u017csze wy\u0142\u0105czenia i ograniczenia maj\u0105 zastosowanie wy\u0142\u0105cznie w zakresie dozwolonym przez prawo.<\/p>\n<p>Prawa autorskie do materia\u0142\u00f3w zawartych na tej stronie internetowej oraz wszelkich znak\u00f3w towarowych i marek Grayling zawartych w tych materia\u0142ach nale\u017c\u0105 do firmy Grayling lub jej licencjodawc\u00f3w. Ka\u017cda osoba mo\u017ce skopiowa\u0107 dowoln\u0105 cz\u0119\u015b\u0107 tego materia\u0142u z tej strony internetowej, z zastrze\u017ceniem nast\u0119puj\u0105cych warunk\u00f3w: materia\u0142 mo\u017ce by\u0107 wykorzystywany wy\u0142\u0105cznie do u\u017cytku osobistego tej osoby w celach niekomercyjnych; kopie musz\u0105 zachowywa\u0107 wszelkie prawa autorskie lub inne informacje o w\u0142asno\u015bci intelektualnej zawarte w oryginalnym materiale; a produkty, technologie lub procesy opisane na tej stronie mog\u0105 by\u0107 przedmiotem innych praw w\u0142asno\u015bci intelektualnej zastrze\u017conych przez Grayling lub inne strony trzecie. Nie udziela si\u0119 \u017cadnej licencji w odniesieniu do tych praw w\u0142asno\u015bci intelektualnej. Obrazy, znaki towarowe i marki wy\u015bwietlane na tej stronie s\u0105 chronione prawami autorskimi, znakami towarowymi i innymi prawami w\u0142asno\u015bci intelektualnej i nie mog\u0105 by\u0107 powielane ani przyw\u0142aszczane w jakikolwiek spos\u00f3b bez pisemnej zgody ich w\u0142a\u015bcicieli.<\/p>\n<h4>Zastrze\u017cenie dotycz\u0105ce wiadomo\u015bci e-mail<\/h4>\n<p>Grayling ani \u017cadna z jej sp\u00f3\u0142ek zale\u017cnych nie mo\u017ce by\u0107 poci\u0105gana do odpowiedzialno\u015bci za tre\u015b\u0107 tej wiadomo\u015bci e-mail, poniewa\u017c mo\u017ce ona odzwierciedla\u0107 osobiste pogl\u0105dy nadawcy, a nie firmy. W przypadku otrzymania tej wiadomo\u015bci e-mail przez pomy\u0142k\u0119 nale\u017cy niezw\u0142ocznie powiadomi\u0107 nadawc\u0119 i nie ujawnia\u0107, nie kopiowa\u0107 ani nie rozpowszechnia\u0107 jej. Chocia\u017c Grayling uruchamia oprogramowanie antywirusowe na wszystkich serwerach i stacjach roboczych, nie ponosi odpowiedzialno\u015bci za zainfekowane pliki, kt\u00f3re mo\u017cesz otrzyma\u0107. Grayling zaleca wszystkim odbiorcom skanowanie antywirusowe wszelkich za\u0142\u0105cznik\u00f3w.<\/p>\n<h4>Informacje ustawowe<\/h4>\n<p>Grayling Communications Limited jest zarejestrowana w Anglii<br \/>\nNumer rejestracyjny 3140273<br \/>\nSiedziba sp\u00f3\u0142ki znajduje si\u0119 pod adresem 26 Southampton Buildings, Londyn WC2A 1AN<\/p>\n","protected":false},"excerpt":{"rendered":"Informacje zawarte na tej stronie internetowej zosta\u0142y przygotowane wy\u0142\u0105cznie w celu dostarczenia informacji o firmie Grayling, jej sp\u00f3\u0142kach zale\u017cnych i oferowanych przez nie us\u0142ugach. Nie stanowi on oferty sprzeda\u017cy jakichkolwiek papier\u00f3w warto\u015bciowych i nie nale\u017cy na nim polega\u0107 w zwi\u0105zku z jak\u0105kolwiek decyzj\u0105 inwestycyjn\u0105. Uzyskuj\u0105c dost\u0119p do tej witryny, u\u017cytkownik zgadza si\u0119, \u017ce Grayling nie&#8230;","protected":false},"author":5,"featured_media":0,"parent":0,"menu_order":46,"comment_status":"closed","ping_status":"closed","template":"","meta":{"footnotes":""},"class_list":["post-8595","page","type-page","status-publish","hentry"],"acf":[],"yoast_head":"<!-- This site is optimized with the Yoast SEO plugin v26.9 - https:\/\/yoast.com\/product\/yoast-seo-wordpress\/ -->\n<title>Zasady i warunki | Grayling<\/title>\n<meta name=\"robots\" content=\"index, follow, max-snippet:-1, max-image-preview:large, max-video-preview:-1\" \/>\n<link rel=\"canonical\" href=\"https:\/\/grayling.com\/pl\/terms-and-conditions\/\" \/>\n<meta property=\"og:locale\" content=\"pl_PL\" \/>\n<meta property=\"og:type\" content=\"article\" \/>\n<meta property=\"og:title\" content=\"Zasady i warunki | Grayling\" \/>\n<meta property=\"og:description\" content=\"Informacje zawarte na tej stronie internetowej zosta\u0142y przygotowane wy\u0142\u0105cznie w celu dostarczenia informacji o firmie Grayling, jej sp\u00f3\u0142kach zale\u017cnych i oferowanych przez nie us\u0142ugach. Nie stanowi on oferty sprzeda\u017cy jakichkolwiek papier\u00f3w warto\u015bciowych i nie nale\u017cy na nim polega\u0107 w zwi\u0105zku z jak\u0105kolwiek decyzj\u0105 inwestycyjn\u0105. Uzyskuj\u0105c dost\u0119p do tej witryny, u\u017cytkownik zgadza si\u0119, \u017ce Grayling nie...\" \/>\n<meta property=\"og:url\" content=\"https:\/\/grayling.com\/pl\/terms-and-conditions\/\" \/>\n<meta property=\"og:site_name\" content=\"Grayling\" \/>\n<meta property=\"article:modified_time\" content=\"2023-10-18T14:46:14+00:00\" \/>\n<meta name=\"twitter:card\" content=\"summary_large_image\" \/>\n<meta name=\"twitter:label1\" content=\"Szacowany czas czytania\" \/>\n\t<meta name=\"twitter:data1\" content=\"2 minutes\" \/>\n<script type=\"application\/ld+json\" class=\"yoast-schema-graph\">{\"@context\":\"https:\/\/schema.org\",\"@graph\":[{\"@type\":\"WebPage\",\"@id\":\"https:\/\/grayling.com\/pl\/terms-and-conditions\/\",\"url\":\"https:\/\/grayling.com\/pl\/terms-and-conditions\/\",\"name\":\"Zasady i warunki | Grayling\",\"isPartOf\":{\"@id\":\"https:\/\/grayling.com\/pl\/#website\"},\"datePublished\":\"2020-04-01T14:13:03+00:00\",\"dateModified\":\"2023-10-18T14:46:14+00:00\",\"breadcrumb\":{\"@id\":\"https:\/\/grayling.com\/pl\/terms-and-conditions\/#breadcrumb\"},\"inLanguage\":\"pl-PL\",\"potentialAction\":[{\"@type\":\"ReadAction\",\"target\":[\"https:\/\/grayling.com\/pl\/terms-and-conditions\/\"]}]},{\"@type\":\"BreadcrumbList\",\"@id\":\"https:\/\/grayling.com\/pl\/terms-and-conditions\/#breadcrumb\",\"itemListElement\":[{\"@type\":\"ListItem\",\"position\":1,\"name\":\"Home\",\"item\":\"https:\/\/grayling.com\/pl\/\"},{\"@type\":\"ListItem\",\"position\":2,\"name\":\"Zasady i warunki\"}]},{\"@type\":\"WebSite\",\"@id\":\"https:\/\/grayling.com\/pl\/#website\",\"url\":\"https:\/\/grayling.com\/pl\/\",\"name\":\"Grayling\",\"description\":\"We create advantage\",\"publisher\":{\"@id\":\"https:\/\/grayling.com\/pl\/#organization\"},\"potentialAction\":[{\"@type\":\"SearchAction\",\"target\":{\"@type\":\"EntryPoint\",\"urlTemplate\":\"https:\/\/grayling.com\/pl\/?s={search_term_string}\"},\"query-input\":{\"@type\":\"PropertyValueSpecification\",\"valueRequired\":true,\"valueName\":\"search_term_string\"}}],\"inLanguage\":\"pl-PL\"},{\"@type\":\"Organization\",\"@id\":\"https:\/\/grayling.com\/pl\/#organization\",\"name\":\"Grayling\",\"url\":\"https:\/\/grayling.com\/pl\/\",\"logo\":{\"@type\":\"ImageObject\",\"inLanguage\":\"pl-PL\",\"@id\":\"https:\/\/grayling.com\/pl\/#\/schema\/logo\/image\/\",\"url\":\"https:\/\/grayling.com\/wp-content\/uploads\/2020\/08\/logo.jpg\",\"contentUrl\":\"https:\/\/grayling.com\/wp-content\/uploads\/2020\/08\/logo.jpg\",\"width\":2009,\"height\":510,\"caption\":\"Grayling\"},\"image\":{\"@id\":\"https:\/\/grayling.com\/pl\/#\/schema\/logo\/image\/\"}}]}<\/script>\n<!-- \/ Yoast SEO plugin. -->","yoast_head_json":{"title":"Zasady i warunki | Grayling","robots":{"index":"index","follow":"follow","max-snippet":"max-snippet:-1","max-image-preview":"max-image-preview:large","max-video-preview":"max-video-preview:-1"},"canonical":"https:\/\/grayling.com\/pl\/terms-and-conditions\/","og_locale":"pl_PL","og_type":"article","og_title":"Zasady i warunki | Grayling","og_description":"Informacje zawarte na tej stronie internetowej zosta\u0142y przygotowane wy\u0142\u0105cznie w celu dostarczenia informacji o firmie Grayling, jej sp\u00f3\u0142kach zale\u017cnych i oferowanych przez nie us\u0142ugach. Nie stanowi on oferty sprzeda\u017cy jakichkolwiek papier\u00f3w warto\u015bciowych i nie nale\u017cy na nim polega\u0107 w zwi\u0105zku z jak\u0105kolwiek decyzj\u0105 inwestycyjn\u0105. Uzyskuj\u0105c dost\u0119p do tej witryny, u\u017cytkownik zgadza si\u0119, \u017ce Grayling nie...","og_url":"https:\/\/grayling.com\/pl\/terms-and-conditions\/","og_site_name":"Grayling","article_modified_time":"2023-10-18T14:46:14+00:00","twitter_card":"summary_large_image","twitter_misc":{"Szacowany czas czytania":"2 minutes"},"schema":{"@context":"https:\/\/schema.org","@graph":[{"@type":"WebPage","@id":"https:\/\/grayling.com\/pl\/terms-and-conditions\/","url":"https:\/\/grayling.com\/pl\/terms-and-conditions\/","name":"Zasady i warunki | Grayling","isPartOf":{"@id":"https:\/\/grayling.com\/pl\/#website"},"datePublished":"2020-04-01T14:13:03+00:00","dateModified":"2023-10-18T14:46:14+00:00","breadcrumb":{"@id":"https:\/\/grayling.com\/pl\/terms-and-conditions\/#breadcrumb"},"inLanguage":"pl-PL","potentialAction":[{"@type":"ReadAction","target":["https:\/\/grayling.com\/pl\/terms-and-conditions\/"]}]},{"@type":"BreadcrumbList","@id":"https:\/\/grayling.com\/pl\/terms-and-conditions\/#breadcrumb","itemListElement":[{"@type":"ListItem","position":1,"name":"Home","item":"https:\/\/grayling.com\/pl\/"},{"@type":"ListItem","position":2,"name":"Zasady i warunki"}]},{"@type":"WebSite","@id":"https:\/\/grayling.com\/pl\/#website","url":"https:\/\/grayling.com\/pl\/","name":"Grayling","description":"We create advantage","publisher":{"@id":"https:\/\/grayling.com\/pl\/#organization"},"potentialAction":[{"@type":"SearchAction","target":{"@type":"EntryPoint","urlTemplate":"https:\/\/grayling.com\/pl\/?s={search_term_string}"},"query-input":{"@type":"PropertyValueSpecification","valueRequired":true,"valueName":"search_term_string"}}],"inLanguage":"pl-PL"},{"@type":"Organization","@id":"https:\/\/grayling.com\/pl\/#organization","name":"Grayling","url":"https:\/\/grayling.com\/pl\/","logo":{"@type":"ImageObject","inLanguage":"pl-PL","@id":"https:\/\/grayling.com\/pl\/#\/schema\/logo\/image\/","url":"https:\/\/grayling.com\/wp-content\/uploads\/2020\/08\/logo.jpg","contentUrl":"https:\/\/grayling.com\/wp-content\/uploads\/2020\/08\/logo.jpg","width":2009,"height":510,"caption":"Grayling"},"image":{"@id":"https:\/\/grayling.com\/pl\/#\/schema\/logo\/image\/"}}]}},"_links":{"self":[{"href":"https:\/\/grayling.com\/pl\/wp-json\/wp\/v2\/pages\/8595","targetHints":{"allow":["GET"]}}],"collection":[{"href":"https:\/\/grayling.com\/pl\/wp-json\/wp\/v2\/pages"}],"about":[{"href":"https:\/\/grayling.com\/pl\/wp-json\/wp\/v2\/types\/page"}],"author":[{"embeddable":true,"href":"https:\/\/grayling.com\/pl\/wp-json\/wp\/v2\/users\/5"}],"replies":[{"embeddable":true,"href":"https:\/\/grayling.com\/pl\/wp-json\/wp\/v2\/comments?post=8595"}],"version-history":[{"count":0,"href":"https:\/\/grayling.com\/pl\/wp-json\/wp\/v2\/pages\/8595\/revisions"}],"wp:attachment":[{"href":"https:\/\/grayling.com\/pl\/wp-json\/wp\/v2\/media?parent=8595"}],"curies":[{"name":"wp","href":"https:\/\/api.w.org\/{rel}","templated":true}]}}