{"id":1414,"date":"2020-04-01T14:19:37","date_gmt":"2020-04-01T13:19:37","guid":{"rendered":"https:\/\/grayling-website.azurewebsites.net\/?page_id=1414"},"modified":"2023-08-09T11:14:31","modified_gmt":"2023-08-09T10:14:31","slug":"privacy-policy-cs","status":"publish","type":"page","link":"https:\/\/grayling.com\/pl\/privacy-policy-cs\/","title":{"rendered":"Z\u00e1sady ochrany osobn\u00edch \u00fadaj\u016f"},"content":{"rendered":"<h2>Z\u00e1sady ochrany osobn\u00edch \u00fadaj\u016f<\/h2>\n<p><strong>Grayling Communications Ltd<\/strong>\u00a0je sou\u010d\u00e1st\u00ed skupiny spole\u010dnost\u00ed Huntsworth plc (<strong>Huntsworth Group<\/strong>).<\/p>\n<h3>1. \u00davod<\/h3>\n<p>Toto ozn\u00e1men\u00ed o ochran\u011b osobn\u00edch \u00fadaj\u016f vysv\u011btluje, jak pou\u017e\u00edv\u00e1me jak\u00e9koliv osobn\u00ed \u00fadaje (nazvan\u00e9 tak\u00e9 \u201einformace\u201c), kter\u00e9 o v\u00e1s shroma\u017e\u010fujeme. Popisuje:<\/p>\n<ul>\n<li>jak\u00e9 informace o v\u00e1s shroma\u017e\u010fujeme;<\/li>\n<li>jak pou\u017e\u00edv\u00e1me shrom\u00e1\u017ed\u011bn\u00e9 informace;<\/li>\n<li>s k\u00fdm sd\u00edl\u00edme shrom\u00e1\u017ed\u011bn\u00e9 informace;<\/li>\n<li>va\u0161e pr\u00e1va t\u00fdkaj\u00edc\u00ed se zpracov\u00e1n\u00ed va\u0161ich \u00fadaj\u016f;<\/li>\n<li>jak dlouho uchov\u00e1v\u00e1me va\u0161e \u00fadaje;<\/li>\n<li>jak n\u00e1s kontaktovat.<\/li>\n<\/ul>\n<h3>2. Jak\u00e9 informace o v\u00e1s shroma\u017e\u010fujeme?<\/h3>\n<p>Shroma\u017e\u010fujeme informace o v\u00e1s v n\u00e1sleduj\u00edc\u00edch p\u0159\u00edpadech:<\/p>\n<ul>\n<li>kdy\u017e n\u00e1m za\u0161lete \u017e\u00e1dost o pr\u00e1ci;<\/li>\n<li>pokud se dotazujete na na\u0161e slu\u017eby;<\/li>\n<li>kdy\u017e jste dobrovoln\u011b vyplnili z\u00e1kaznick\u00fd pr\u016fzkum, poskytli zp\u011btnou vazbu, z\u00fa\u010dastnili se sout\u011b\u017ee nebo souhlasili s t\u00edm, \u017ee budete vedeni v na\u0161ich kontaktn\u00edch seznamech pro komunikaci z\u00e1le\u017eitost\u00ed spojen\u00fdch s na\u0161imi klienty;<\/li>\n<li>kdy\u017e pou\u017e\u00edv\u00e1me cookies ke sb\u011bru informac\u00ed o tom, jak pou\u017e\u00edv\u00e1te na\u0161e webov\u00e9 str\u00e1nky. Dal\u0161\u00ed informace o tom, jak pou\u017e\u00edv\u00e1me soubory cookies, naleznete v na\u0161ich z\u00e1sad\u00e1ch o pou\u017eit\u00ed soubor\u016f cookies na adrese\u00a0<a href=\"https:\/\/grayling.com\/cookie-policy\">https:\/\/grayling.com\/<\/a><a href=\"https:\/\/grayling.com\/global\/en\/cookie-policy\">cookie-policy<\/a><\/li>\n<li>kdy\u017e pou\u017e\u00edv\u00e1me slu\u017ebu t\u0159et\u00ed strany (nap\u0159. Google Analytics) ke shroma\u017e\u010fov\u00e1n\u00ed informac\u00ed o tom, jak\u00fdm zp\u016fsobem n\u00e1v\u0161t\u011bvn\u00edci vyu\u017e\u00edvaj\u00ed na\u0161e webov\u00e9 str\u00e1nky, v\u010detn\u011b shroma\u017e\u010fov\u00e1n\u00ed informac\u00ed o zemi, ze kter\u00e9 se p\u0159ihl\u00e1sili, o nav\u0161t\u00edven\u00fdch str\u00e1nk\u00e1ch a o tom, jak dlouho na na\u0161ich str\u00e1nk\u00e1ch byli.<\/li>\n<\/ul>\n<h3>3. Jak pou\u017e\u00edv\u00e1me va\u0161e informace?<\/h3>\n<p>Va\u0161e informace pou\u017e\u00edv\u00e1me na n\u00e1sleduj\u00edc\u00edmi \u00fa\u010dely:<\/p>\n<ul>\n<li>zpracov\u00e1n\u00ed va\u0161\u00ed \u017e\u00e1dosti o novinky o na\u0161\u00ed spole\u010dnosti. S va\u0161\u00edm souhlasem tak\u00e9 pro to, abychom v\u00e1m zaslali e-mail o dal\u0161\u00edch slu\u017eb\u00e1ch, o kter\u00fdch si mysl\u00edme, \u017ee by v\u00e1s mohly zaj\u00edmat;<\/li>\n<li>pokud se dotazujete na voln\u00e9 pracovn\u00ed pozice, p\u0159ed\u00e1me \u00fadaje dal\u0161\u00edm p\u0159\u00edslu\u0161n\u00fdm spole\u010dnostem v r\u00e1mci skupiny Huntsworth Group;<\/li>\n<li>pokud se dotazujete na na\u0161e slu\u017eby, p\u0159ed\u00e1me va\u0161e \u00fadaje dal\u0161\u00edm p\u0159\u00edslu\u0161n\u00fdm spole\u010dnostem v r\u00e1mci skupiny Huntsworth Group, abychom zajistili, \u017ee v\u00e1\u0161 dotaz bude n\u00e1le\u017eit\u011b zodpov\u011bzen;<\/li>\n<li>zasl\u00e1n\u00ed e-mail\u016f o podobn\u00e9m zbo\u017e\u00ed a slu\u017eb\u00e1ch, kter\u00e9 jste u n\u00e1s v minulosti zakoupili, kter\u00e9 by v\u00e1s mohly zaj\u00edmat;<\/li>\n<li>uzav\u0159en\u00ed a pln\u011bn\u00ed smlouvy s v\u00e1mi nebo proveden\u00ed jak\u00fdchkoli krok\u016f, kter\u00e9 od n\u00e1s po\u017eadujete p\u0159ed uzav\u0159en\u00edm smlouvy. Pokud n\u00e1m neposkytnete informace nutn\u00e9 pro uzav\u0159en\u00ed smlouvy, nebudeme s v\u00e1mi moci tuto smlouvu uzav\u0159\u00edt nebo v\u00e1m poskytnout po\u017eadovan\u00e9 slu\u017eby.<\/li>\n<\/ul>\n<p>Pro zpracov\u00e1n\u00ed va\u0161ich osobn\u00edch \u00fadaj\u016f se odkazujeme na jeden z n\u00e1sleduj\u00edc\u00edch p\u0159\u00edslu\u0161n\u00fdch pr\u00e1vn\u00edch d\u016fvod\u016f:<\/p>\n<ul>\n<li>uzav\u0159en\u00ed a pln\u011bn\u00ed smlouvy s v\u00e1mi nebo proveden\u00ed jak\u00fdchkoli krok\u016f, kter\u00e9 od n\u00e1s po\u017eadujete p\u0159ed uzav\u0159en\u00edm smlouvy;<\/li>\n<li>jedn\u00e1n\u00ed ve smyslu na\u0161ich legitimn\u00edch obchodn\u00edch z\u00e1jm\u016f p\u0159i poskytov\u00e1n\u00ed a marketingu na\u0161ich produkt\u016f a slu\u017eeb;<\/li>\n<li>v\u00e1\u0161 konkr\u00e9tn\u00ed souhlas s pou\u017e\u00edv\u00e1n\u00edm va\u0161ich \u00fadaj\u016f, kter\u00fd m\u016f\u017eete kdykoli st\u00e1hnout;<\/li>\n<li>dodr\u017eov\u00e1n\u00ed z\u00e1konn\u00fdch povinnost\u00ed a vytv\u00e1\u0159en\u00ed, uplat\u0148ov\u00e1n\u00ed nebo ochrana na\u0161ich z\u00e1konn\u00fdch pr\u00e1v;<\/li>\n<li>z dal\u0161\u00edch d\u016fvod\u016f, kter\u00e9 jste s n\u00e1mi odsouhlasili.<\/li>\n<\/ul>\n<h3>4. S k\u00fdm sd\u00edl\u00edme va\u0161e informace?<strong><br \/>\n<\/strong><\/h3>\n<p>Sd\u00edl\u00edme informace s t\u011bmito t\u0159et\u00edmi stranami:<\/p>\n<ul>\n<li>zpracovatel\u00e9 dat, kte\u0159\u00ed jsou na\u0161imi dodavateli slu\u017eeb;<\/li>\n<li>pokud se stanete zam\u011bstnancem nebo extern\u00edm pracovn\u00edkem, va\u0161e informace budou p\u0159ed\u00e1ny a ulo\u017eeny u na\u0161ich zpracovatelsk\u00fdch partner\u016f za \u00fa\u010delem v\u00fdplaty mzdy, odvodu poji\u0161t\u011bn\u00ed a platby faktur. Pou\u017eit\u00ed t\u011bchto osobn\u00edch \u00fadaj\u016f je omezeno v rozsahu nezbytn\u00e9m pro pln\u011bn\u00ed smlouvy mezi v\u00e1mi a na\u0161\u00ed spole\u010dnost\u00ed;<\/li>\n<li>dal\u0161\u00edmi spole\u010dnostmi ze skupiny Huntsworth Group uveden\u00fdmi v dodatku k nejnov\u011bj\u0161\u00ed prozat\u00edmn\u00ed nebo v\u00fdro\u010dn\u00ed zpr\u00e1v\u011b spole\u010dnosti Huntsworth plc, kter\u00e1 je k dispozici na\u00a0<a href=\"http:\/\/www.huntsworth.com\/results-reports-presentations\/\" target=\"_blank\" rel=\"noopener noreferrer\">http:\/\/www.huntsworth.com\/results-reports-presentations\/<\/a>;<\/li>\n<li>osobami spojen\u00fdmi s jak\u00fdmkoli prodejem, f\u00faz\u00ed, akvizic\u00ed, likvidac\u00ed, reorganizac\u00ed nebo obdobn\u00fdmi zm\u011bnami na\u0161eho podnik\u00e1n\u00ed (nebo podnik\u00e1n\u00ed jak\u00e9koli spole\u010dnosti ve skupin\u011b Huntsworth v\u010detn\u011b potenci\u00e1ln\u00edch nebo skute\u010dn\u00fdch kupuj\u00edc\u00edch t\u00e9to firmy a poradc\u016f kupuj\u00edc\u00edho);<\/li>\n<li>m\u00edstn\u00edmi a zahrani\u010dn\u00edmi regula\u010dn\u00ed org\u00e1ny, vl\u00e1dami, bezpe\u010dnostn\u00edmi slo\u017ekami, poradci, soudy, tribun\u00e1ly a rozhodci;<\/li>\n<li>dal\u0161\u00edmi t\u0159et\u00edmi stranami, s va\u0161\u00edm souhlasem.<\/li>\n<\/ul>\n<p>N\u011bkter\u00e9 z t\u011bchto t\u0159et\u00edch stran se nach\u00e1zej\u00ed mimo Evropsk\u00fd hospod\u00e1\u0159sk\u00fd prostor (EHP) mimo jin\u00e9 v n\u00e1sleduj\u00edc\u00edch zem\u00edch: Spojen\u00e9 st\u00e1ty americk\u00e9, \u010c\u00edna, Hongkong, Singapur, Spojen\u00e9 arabsk\u00e9 emir\u00e1ty, Katar, Ke\u0148a a Rusko.<\/p>\n<p>Pokud p\u0159ed\u00e1me informace z EHP do jurisdikce mimo EHP, podnikneme k ochran\u011b t\u011bchto informac\u00ed p\u0159\u00edslu\u0161n\u00e9 kroky: (i) s t\u0159et\u00ed stranou uzav\u0159eme dohodu, kter\u00e1 bude obsahovat \u010dl\u00e1nky stanoven\u00e9 Komis\u00ed EU zaji\u0161\u0165uj\u00edc\u00ed dostate\u010dnou ochranu va\u0161ich informac\u00ed; kopie \u0161ablony ustanoven\u00ed je k dispozici na adrese\u00a0<a href=\"https:\/\/ec.europa.eu\/info\/law\/law-topic\/data-protection\/data-transfers-outside-eu\/model-contracts-transfer-personal-data-third-countries_en\" target=\"_blank\" rel=\"noopener noreferrer\">https:\/\/ec.europa.eu\/info\/law\/law-topic\/data-protection\/data-transfers-outside-eu\/model-contracts-transfer-personal-data-third-countries_en<\/a>; nebo (ii) zajist\u00edme, aby informace byly p\u0159ed\u00e1ny pouze t\u0159et\u00edm stran\u00e1m v jurisdikc\u00edch, kter\u00e9 podle Komise EU spl\u0148uj\u00ed krit\u00e9ria zaji\u0161\u0165uj\u00edc\u00ed dostate\u010dnou ochranu va\u0161ich osobn\u00edch informac\u00ed.<\/p>\n<h3>5. Jak\u00e1 jsou va\u0161e pr\u00e1va v souvislosti se zpracov\u00e1n\u00edm va\u0161ich osobn\u00edch \u00fadaj\u016f?<\/h3>\n<p>Podle pr\u00e1vn\u00edch p\u0159edpis\u016f na ochranu osobn\u00edch \u00fadaj\u016f m\u00e1te v souvislosti se zpracov\u00e1n\u00edm va\u0161ich osobn\u00edch \u00fadaj\u016f pr\u00e1vo:<\/p>\n<ul>\n<li>po\u017e\u00e1dat o p\u0159\u00edstup k va\u0161im informac\u00edm zasl\u00e1n\u00edm po\u017eadavku na\u00a0<a href=\"mailto:compliance@huntsworth.com\" target=\"_blank\" rel=\"noopener noreferrer\">compliance@huntsworth.com<\/a>;<\/li>\n<li>nechat aktualizovat nebo zm\u011bnit sv\u00e9 \u00fadaje, pokud jsou nep\u0159esn\u00e9 nebo ne\u00fapln\u00e9;<\/li>\n<li>odm\u00edtnout ur\u010dit\u00e9 pou\u017eit\u00ed va\u0161ich osobn\u00edch \u00fadaj\u016f, v\u010detn\u011b p\u0159\u00edm\u00e9ho marketingu a zpracov\u00e1n\u00ed zalo\u017een\u00e9ho na opr\u00e1vn\u011bn\u00fdch z\u00e1jmech a zpracov\u00e1n\u00ed pro \u00fa\u010dely v\u011bdeck\u00e9ho nebo historick\u00e9ho v\u00fdzkumu a statistiky z d\u016fvod\u016f t\u00fdkaj\u00edc\u00edch se va\u0161\u00ed konkr\u00e9tn\u00ed situace;<\/li>\n<li>po\u017e\u00e1dat o vymaz\u00e1n\u00ed va\u0161ich dat nebo o omezen\u00ed jejich pou\u017eit\u00ed, za ur\u010dit\u00fdch okolnost\u00ed (mimo z\u00e1konn\u00fdch v\u00fdjimek) m\u016f\u017eete po\u017e\u00e1dat o vymaz\u00e1n\u00ed va\u0161ich informac\u00ed, pokud informace ji\u017e nejsou nezbytn\u00e9 pro \u00fa\u010del, pro kter\u00fd byly shrom\u00e1\u017ed\u011bny;<\/li>\n<li>odvolat jak\u00e9koli souhlasy, kter\u00e9 jste poskytli v souvislosti s pou\u017e\u00edv\u00e1n\u00edm va\u0161ich dat;<\/li>\n<li>po\u017e\u00e1dat o kopii informac\u00ed, kter\u00e9 jste n\u00e1m poskytli, abyste je mohli pou\u017e\u00edt pro va\u0161e vlastn\u00ed \u00fa\u010dely (pr\u00e1vo na p\u0159enositelnost dat);<\/li>\n<li>podat st\u00ed\u017enost p\u0159\u00edslu\u0161n\u00e9mu org\u00e1nu dozoru nad ochranou osobn\u00edch \u00fadaj\u016f ve va\u0161\u00ed jurisdikci.<\/li>\n<\/ul>\n<p>Pokud jste se p\u0159ihl\u00e1sili k odb\u011bru informac\u00ed, nebo jste souhlasili s t\u00edm, \u017ee budete vedeni v seznamu kontakt\u016f, abychom v\u00e1m mohli informace pos\u00edlat, m\u016f\u017eete se od odb\u011bru kdykoli odhl\u00e1sit \u2013 bu\u010f pomoc\u00ed odkazu na zru\u0161en\u00ed odb\u011bru, kter\u00fd je obsa\u017een v ka\u017ed\u00e9 elektronick\u00e9 komunikaci, nebo zasl\u00e1n\u00edm \u017e\u00e1dosti na e-mailovou adresu\u00a0<a href=\"mailto:compliance@huntsworth.com\" target=\"_blank\" rel=\"noopener noreferrer\">compliance@huntsworth.com<\/a>.<\/p>\n<p>M\u00e1te-li jak\u00e9koli dotazy t\u00fdkaj\u00edc\u00ed se va\u0161ich pr\u00e1v, nebo byste cht\u011bli n\u011bkter\u00e9 z nich uplatnit, kontaktujte n\u00e1s zasl\u00e1n\u00edm \u017e\u00e1dosti na adresu\u00a0<a href=\"mailto:compliance@huntsworth.com\" target=\"_blank\" rel=\"noopener noreferrer\">compliance@huntsworth.com<\/a>.<br \/>\nDal\u0161\u00ed kontaktn\u00ed informace jsou uvedeny v \u010d\u00e1sti 7 n\u00ed\u017ee.<\/p>\n<h3>6. Jak dlouho uchov\u00e1v\u00e1me osobn\u00ed data?<\/h3>\n<p>Osobn\u00ed \u00fadaje zam\u011bstnanc\u016f a extern\u00edch pracovn\u00edk\u016f nebudou uchov\u00e1v\u00e1ny d\u00e9le, ne\u017e je nezbytn\u00e9. Tato lh\u016fta bude ur\u010dena s ohledem na platn\u00e9 z\u00e1konn\u00e9 lh\u016fty ve va\u0161\u00ed jurisdikci.<\/p>\n<p>\u017d\u00e1dosti o zam\u011bstn\u00e1n\u00ed jsou zni\u010deny 1 (jeden) rok po jejich pod\u00e1n\u00ed, pokud nevedly k nab\u00eddce zam\u011bstn\u00e1n\u00ed. Pokud jste s n\u00e1mi uzav\u0159eli smlouvu, pak se na informace, kter\u00e9 n\u00e1m dod\u00e1v\u00e1te, mohou vztahovat m\u00edstn\u00ed pr\u00e1vn\u00ed p\u0159edpisy t\u00fdkaj\u00edc\u00ed se uchov\u00e1v\u00e1n\u00ed osobn\u00edch \u00fadaj\u016f.<\/p>\n<p>Jak\u00e9koli dal\u0161\u00ed informace z\u00edskan\u00e9 v souladu s v\u00fd\u0161e uveden\u00fdm odd\u00edlem 2 budou uchov\u00e1ny pouze po dobu nezbytn\u011b nutnou a bude s nimi nakl\u00e1d\u00e1no v souladu s platn\u00fdmi m\u00edstn\u00edmi p\u0159edpisy, nebo podle dohody mezi n\u00e1mi.<\/p>\n<p>Na\u0161e z\u00e1sady pro zpracov\u00e1n\u00ed dat budou pr\u016fb\u011b\u017en\u011b p\u0159ezkoum\u00e1v\u00e1ny, abychom zajistili, \u017ee va\u0161e data nebudou evidov\u00e1na po dobu del\u0161\u00ed, ne\u017e je nezbytn\u011b nutn\u00e9.<\/p>\n<h3>7. Jak n\u00e1s kontaktovat?<\/h3>\n<p>M\u00e1te-li jak\u00e9koli dotazy t\u00fdkaj\u00edc\u00ed se tohoto ozn\u00e1men\u00ed o ochran\u011b osobn\u00edch \u00fadaj\u016f nebo informac\u00ed, kter\u00e9 jsme o v\u00e1s shrom\u00e1\u017edili, m\u016f\u017eete n\u00e1s kontaktovat:<\/p>\n<ul>\n<li>e-mailem:\u00a0<a href=\"mailto:compliance@huntsworth.com\" target=\"_blank\" rel=\"noopener noreferrer\">compliance@huntsworth.com<\/a><\/li>\n<li>po\u0161tou: Company Secretary, Huntsworth PLC, 8th floor Holborn Gate, 26 Southampton Buildings, London, WC2A 1AN<\/li>\n<\/ul>\n<p>Pro dotazy ze zem\u00ed mimo Evropskou unii lze tak\u00e9 pou\u017e\u00edt v\u00fd\u0161e uveden\u00e9 e-mailov\u00e9 nebo po\u0161tovn\u00ed adresy.<\/p>\n<h3>8. Zm\u011bny v tomto ozn\u00e1men\u00ed o ochran\u011b osobn\u00edch \u00fadaj\u016f<\/h3>\n<p>Toto ozn\u00e1men\u00ed o ochran\u011b osobn\u00edch \u00fadaj\u016f je pravideln\u011b kontrolov\u00e1no a ve\u0161ker\u00e9 aktualizace budou v\u017edy um\u00edst\u011bny na t\u00e9to webov\u00e9 str\u00e1nce.<\/p>\n<p>Ozn\u00e1men\u00ed o ochran\u011b osobn\u00edch \u00fadaj\u016f bylo naposledy aktualizov\u00e1no dne 1.srpna 2019.<\/p>\n","protected":false},"excerpt":{"rendered":"Z\u00e1sady ochrany osobn\u00edch \u00fadaj\u016f Grayling Communications Ltd\u00a0je sou\u010d\u00e1st\u00ed skupiny spole\u010dnost\u00ed Huntsworth plc (Huntsworth Group). 1. \u00davod Toto ozn\u00e1men\u00ed o ochran\u011b osobn\u00edch \u00fadaj\u016f vysv\u011btluje, jak pou\u017e\u00edv\u00e1me jak\u00e9koliv osobn\u00ed \u00fadaje (nazvan\u00e9 tak\u00e9 \u201einformace\u201c), kter\u00e9 o v\u00e1s shroma\u017e\u010fujeme. Popisuje: jak\u00e9 informace o v\u00e1s shroma\u017e\u010fujeme; jak pou\u017e\u00edv\u00e1me shrom\u00e1\u017ed\u011bn\u00e9 informace; s k\u00fdm sd\u00edl\u00edme shrom\u00e1\u017ed\u011bn\u00e9 informace; va\u0161e pr\u00e1va t\u00fdkaj\u00edc\u00ed se zpracov\u00e1n\u00ed&#8230;","protected":false},"author":5,"featured_media":0,"parent":0,"menu_order":70,"comment_status":"closed","ping_status":"closed","template":"","meta":{"footnotes":""},"class_list":["post-1414","page","type-page","status-publish","hentry"],"acf":[],"yoast_head":"<!-- This site is optimized with the Yoast SEO plugin v26.9 - https:\/\/yoast.com\/product\/yoast-seo-wordpress\/ -->\n<title>Z\u00e1sady ochrany osobn\u00edch \u00fadaj\u016f | Grayling<\/title>\n<meta name=\"robots\" content=\"index, follow, max-snippet:-1, max-image-preview:large, max-video-preview:-1\" \/>\n<link rel=\"canonical\" href=\"https:\/\/grayling.com\/pl\/privacy-policy-cs\/\" \/>\n<meta property=\"og:locale\" content=\"pl_PL\" \/>\n<meta property=\"og:type\" content=\"article\" \/>\n<meta property=\"og:title\" content=\"Z\u00e1sady ochrany osobn\u00edch \u00fadaj\u016f | Grayling\" \/>\n<meta property=\"og:description\" content=\"Z\u00e1sady ochrany osobn\u00edch \u00fadaj\u016f Grayling Communications Ltd\u00a0je sou\u010d\u00e1st\u00ed skupiny spole\u010dnost\u00ed Huntsworth plc (Huntsworth Group). 1. \u00davod Toto ozn\u00e1men\u00ed o ochran\u011b osobn\u00edch \u00fadaj\u016f vysv\u011btluje, jak pou\u017e\u00edv\u00e1me jak\u00e9koliv osobn\u00ed \u00fadaje (nazvan\u00e9 tak\u00e9 \u201einformace\u201c), kter\u00e9 o v\u00e1s shroma\u017e\u010fujeme. Popisuje: jak\u00e9 informace o v\u00e1s shroma\u017e\u010fujeme; jak pou\u017e\u00edv\u00e1me shrom\u00e1\u017ed\u011bn\u00e9 informace; s k\u00fdm sd\u00edl\u00edme shrom\u00e1\u017ed\u011bn\u00e9 informace; va\u0161e pr\u00e1va t\u00fdkaj\u00edc\u00ed se zpracov\u00e1n\u00ed...\" \/>\n<meta property=\"og:url\" content=\"https:\/\/grayling.com\/pl\/privacy-policy-cs\/\" \/>\n<meta property=\"og:site_name\" content=\"Grayling\" \/>\n<meta property=\"article:modified_time\" content=\"2023-08-09T10:14:31+00:00\" \/>\n<meta name=\"twitter:card\" content=\"summary_large_image\" \/>\n<meta name=\"twitter:label1\" content=\"Szacowany czas czytania\" \/>\n\t<meta name=\"twitter:data1\" content=\"5 minutes\" \/>\n<script type=\"application\/ld+json\" class=\"yoast-schema-graph\">{\"@context\":\"https:\/\/schema.org\",\"@graph\":[{\"@type\":\"WebPage\",\"@id\":\"https:\/\/grayling.com\/pl\/privacy-policy-cs\/\",\"url\":\"https:\/\/grayling.com\/pl\/privacy-policy-cs\/\",\"name\":\"Z\u00e1sady ochrany osobn\u00edch \u00fadaj\u016f | Grayling\",\"isPartOf\":{\"@id\":\"https:\/\/grayling.com\/pl\/#website\"},\"datePublished\":\"2020-04-01T13:19:37+00:00\",\"dateModified\":\"2023-08-09T10:14:31+00:00\",\"breadcrumb\":{\"@id\":\"https:\/\/grayling.com\/pl\/privacy-policy-cs\/#breadcrumb\"},\"inLanguage\":\"pl-PL\",\"potentialAction\":[{\"@type\":\"ReadAction\",\"target\":[\"https:\/\/grayling.com\/pl\/privacy-policy-cs\/\"]}]},{\"@type\":\"BreadcrumbList\",\"@id\":\"https:\/\/grayling.com\/pl\/privacy-policy-cs\/#breadcrumb\",\"itemListElement\":[{\"@type\":\"ListItem\",\"position\":1,\"name\":\"Home\",\"item\":\"https:\/\/grayling.com\/pl\/\"},{\"@type\":\"ListItem\",\"position\":2,\"name\":\"Z\u00e1sady ochrany osobn\u00edch \u00fadaj\u016f\"}]},{\"@type\":\"WebSite\",\"@id\":\"https:\/\/grayling.com\/pl\/#website\",\"url\":\"https:\/\/grayling.com\/pl\/\",\"name\":\"Grayling\",\"description\":\"We create advantage\",\"publisher\":{\"@id\":\"https:\/\/grayling.com\/pl\/#organization\"},\"potentialAction\":[{\"@type\":\"SearchAction\",\"target\":{\"@type\":\"EntryPoint\",\"urlTemplate\":\"https:\/\/grayling.com\/pl\/?s={search_term_string}\"},\"query-input\":{\"@type\":\"PropertyValueSpecification\",\"valueRequired\":true,\"valueName\":\"search_term_string\"}}],\"inLanguage\":\"pl-PL\"},{\"@type\":\"Organization\",\"@id\":\"https:\/\/grayling.com\/pl\/#organization\",\"name\":\"Grayling\",\"url\":\"https:\/\/grayling.com\/pl\/\",\"logo\":{\"@type\":\"ImageObject\",\"inLanguage\":\"pl-PL\",\"@id\":\"https:\/\/grayling.com\/pl\/#\/schema\/logo\/image\/\",\"url\":\"https:\/\/grayling.com\/wp-content\/uploads\/2020\/08\/logo.jpg\",\"contentUrl\":\"https:\/\/grayling.com\/wp-content\/uploads\/2020\/08\/logo.jpg\",\"width\":2009,\"height\":510,\"caption\":\"Grayling\"},\"image\":{\"@id\":\"https:\/\/grayling.com\/pl\/#\/schema\/logo\/image\/\"}}]}<\/script>\n<!-- \/ Yoast SEO plugin. -->","yoast_head_json":{"title":"Z\u00e1sady ochrany osobn\u00edch \u00fadaj\u016f | Grayling","robots":{"index":"index","follow":"follow","max-snippet":"max-snippet:-1","max-image-preview":"max-image-preview:large","max-video-preview":"max-video-preview:-1"},"canonical":"https:\/\/grayling.com\/pl\/privacy-policy-cs\/","og_locale":"pl_PL","og_type":"article","og_title":"Z\u00e1sady ochrany osobn\u00edch \u00fadaj\u016f | Grayling","og_description":"Z\u00e1sady ochrany osobn\u00edch \u00fadaj\u016f Grayling Communications Ltd\u00a0je sou\u010d\u00e1st\u00ed skupiny spole\u010dnost\u00ed Huntsworth plc (Huntsworth Group). 1. \u00davod Toto ozn\u00e1men\u00ed o ochran\u011b osobn\u00edch \u00fadaj\u016f vysv\u011btluje, jak pou\u017e\u00edv\u00e1me jak\u00e9koliv osobn\u00ed \u00fadaje (nazvan\u00e9 tak\u00e9 \u201einformace\u201c), kter\u00e9 o v\u00e1s shroma\u017e\u010fujeme. Popisuje: jak\u00e9 informace o v\u00e1s shroma\u017e\u010fujeme; jak pou\u017e\u00edv\u00e1me shrom\u00e1\u017ed\u011bn\u00e9 informace; s k\u00fdm sd\u00edl\u00edme shrom\u00e1\u017ed\u011bn\u00e9 informace; va\u0161e pr\u00e1va t\u00fdkaj\u00edc\u00ed se zpracov\u00e1n\u00ed...","og_url":"https:\/\/grayling.com\/pl\/privacy-policy-cs\/","og_site_name":"Grayling","article_modified_time":"2023-08-09T10:14:31+00:00","twitter_card":"summary_large_image","twitter_misc":{"Szacowany czas czytania":"5 minutes"},"schema":{"@context":"https:\/\/schema.org","@graph":[{"@type":"WebPage","@id":"https:\/\/grayling.com\/pl\/privacy-policy-cs\/","url":"https:\/\/grayling.com\/pl\/privacy-policy-cs\/","name":"Z\u00e1sady ochrany osobn\u00edch \u00fadaj\u016f | Grayling","isPartOf":{"@id":"https:\/\/grayling.com\/pl\/#website"},"datePublished":"2020-04-01T13:19:37+00:00","dateModified":"2023-08-09T10:14:31+00:00","breadcrumb":{"@id":"https:\/\/grayling.com\/pl\/privacy-policy-cs\/#breadcrumb"},"inLanguage":"pl-PL","potentialAction":[{"@type":"ReadAction","target":["https:\/\/grayling.com\/pl\/privacy-policy-cs\/"]}]},{"@type":"BreadcrumbList","@id":"https:\/\/grayling.com\/pl\/privacy-policy-cs\/#breadcrumb","itemListElement":[{"@type":"ListItem","position":1,"name":"Home","item":"https:\/\/grayling.com\/pl\/"},{"@type":"ListItem","position":2,"name":"Z\u00e1sady ochrany osobn\u00edch \u00fadaj\u016f"}]},{"@type":"WebSite","@id":"https:\/\/grayling.com\/pl\/#website","url":"https:\/\/grayling.com\/pl\/","name":"Grayling","description":"We create advantage","publisher":{"@id":"https:\/\/grayling.com\/pl\/#organization"},"potentialAction":[{"@type":"SearchAction","target":{"@type":"EntryPoint","urlTemplate":"https:\/\/grayling.com\/pl\/?s={search_term_string}"},"query-input":{"@type":"PropertyValueSpecification","valueRequired":true,"valueName":"search_term_string"}}],"inLanguage":"pl-PL"},{"@type":"Organization","@id":"https:\/\/grayling.com\/pl\/#organization","name":"Grayling","url":"https:\/\/grayling.com\/pl\/","logo":{"@type":"ImageObject","inLanguage":"pl-PL","@id":"https:\/\/grayling.com\/pl\/#\/schema\/logo\/image\/","url":"https:\/\/grayling.com\/wp-content\/uploads\/2020\/08\/logo.jpg","contentUrl":"https:\/\/grayling.com\/wp-content\/uploads\/2020\/08\/logo.jpg","width":2009,"height":510,"caption":"Grayling"},"image":{"@id":"https:\/\/grayling.com\/pl\/#\/schema\/logo\/image\/"}}]}},"_links":{"self":[{"href":"https:\/\/grayling.com\/pl\/wp-json\/wp\/v2\/pages\/1414","targetHints":{"allow":["GET"]}}],"collection":[{"href":"https:\/\/grayling.com\/pl\/wp-json\/wp\/v2\/pages"}],"about":[{"href":"https:\/\/grayling.com\/pl\/wp-json\/wp\/v2\/types\/page"}],"author":[{"embeddable":true,"href":"https:\/\/grayling.com\/pl\/wp-json\/wp\/v2\/users\/5"}],"replies":[{"embeddable":true,"href":"https:\/\/grayling.com\/pl\/wp-json\/wp\/v2\/comments?post=1414"}],"version-history":[{"count":0,"href":"https:\/\/grayling.com\/pl\/wp-json\/wp\/v2\/pages\/1414\/revisions"}],"wp:attachment":[{"href":"https:\/\/grayling.com\/pl\/wp-json\/wp\/v2\/media?parent=1414"}],"curies":[{"name":"wp","href":"https:\/\/api.w.org\/{rel}","templated":true}]}}