{"id":7880,"date":"2020-03-11T11:43:24","date_gmt":"2020-03-11T11:43:24","guid":{"rendered":"https:\/\/graylingglobal.wpengine.com\/?page_id=7880"},"modified":"2023-10-25T16:20:51","modified_gmt":"2023-10-25T15:20:51","slug":"nuestro-trabajo","status":"publish","type":"page","link":"https:\/\/grayling.com\/es\/nuestro-trabajo\/","title":{"rendered":"Nuestro trabajo"},"content":{"rendered":"<h4><strong>Creamos ventajas para algunas de las marcas m\u00e1s importantes del mundo&#8230;<\/strong><\/h4>\n","protected":false},"excerpt":{"rendered":"Creamos ventajas para algunas de las marcas m\u00e1s importantes del mundo&#8230;","protected":false},"author":5,"featured_media":0,"parent":0,"menu_order":29,"comment_status":"closed","ping_status":"closed","template":"template-work.php","meta":{"footnotes":""},"class_list":["post-7880","page","type-page","status-publish","hentry"],"acf":[],"yoast_head":"<!-- This site is optimized with the Yoast SEO plugin v26.9 - https:\/\/yoast.com\/product\/yoast-seo-wordpress\/ -->\n<title>Nuestro trabajo | Grayling<\/title>\n<meta name=\"description\" content=\"Creamos ventajas para algunas de las marcas y organizaciones m\u00e1s importantes del mundo. Aqu\u00ed encontrar\u00e1 m\u00e1s informaci\u00f3n sobre nuestro trabajo y sus logros.\" \/>\n<meta name=\"robots\" content=\"index, follow, max-snippet:-1, max-image-preview:large, max-video-preview:-1\" \/>\n<link rel=\"canonical\" href=\"https:\/\/grayling.com\/es\/nuestro-trabajo\/\" \/>\n<meta property=\"og:locale\" content=\"es_ES\" \/>\n<meta property=\"og:type\" content=\"article\" \/>\n<meta property=\"og:title\" content=\"Nuestro trabajo | Grayling\" \/>\n<meta property=\"og:description\" content=\"Creamos ventajas para algunas de las marcas y organizaciones m\u00e1s importantes del mundo. Aqu\u00ed encontrar\u00e1 m\u00e1s informaci\u00f3n sobre nuestro trabajo y sus logros.\" \/>\n<meta property=\"og:url\" content=\"https:\/\/grayling.com\/es\/nuestro-trabajo\/\" \/>\n<meta property=\"og:site_name\" content=\"Grayling\" \/>\n<meta property=\"article:modified_time\" content=\"2023-10-25T15:20:51+00:00\" \/>\n<meta name=\"twitter:card\" content=\"summary_large_image\" \/>\n<meta name=\"twitter:label1\" content=\"Tiempo de lectura\" \/>\n\t<meta name=\"twitter:data1\" content=\"1 minuto\" \/>\n<script type=\"application\/ld+json\" class=\"yoast-schema-graph\">{\"@context\":\"https:\/\/schema.org\",\"@graph\":[{\"@type\":\"WebPage\",\"@id\":\"https:\/\/grayling.com\/es\/nuestro-trabajo\/\",\"url\":\"https:\/\/grayling.com\/es\/nuestro-trabajo\/\",\"name\":\"Nuestro trabajo | Grayling\",\"isPartOf\":{\"@id\":\"https:\/\/grayling.com\/es\/#website\"},\"datePublished\":\"2020-03-11T11:43:24+00:00\",\"dateModified\":\"2023-10-25T15:20:51+00:00\",\"description\":\"Creamos ventajas para algunas de las marcas y organizaciones m\u00e1s importantes del mundo. Aqu\u00ed encontrar\u00e1 m\u00e1s informaci\u00f3n sobre nuestro trabajo y sus logros.\",\"breadcrumb\":{\"@id\":\"https:\/\/grayling.com\/es\/nuestro-trabajo\/#breadcrumb\"},\"inLanguage\":\"es\",\"potentialAction\":[{\"@type\":\"ReadAction\",\"target\":[\"https:\/\/grayling.com\/es\/nuestro-trabajo\/\"]}]},{\"@type\":\"BreadcrumbList\",\"@id\":\"https:\/\/grayling.com\/es\/nuestro-trabajo\/#breadcrumb\",\"itemListElement\":[{\"@type\":\"ListItem\",\"position\":1,\"name\":\"Home\",\"item\":\"https:\/\/grayling.com\/es\/\"},{\"@type\":\"ListItem\",\"position\":2,\"name\":\"Nuestro trabajo\"}]},{\"@type\":\"WebSite\",\"@id\":\"https:\/\/grayling.com\/es\/#website\",\"url\":\"https:\/\/grayling.com\/es\/\",\"name\":\"Grayling\",\"description\":\"We create advantage\",\"publisher\":{\"@id\":\"https:\/\/grayling.com\/es\/#organization\"},\"potentialAction\":[{\"@type\":\"SearchAction\",\"target\":{\"@type\":\"EntryPoint\",\"urlTemplate\":\"https:\/\/grayling.com\/es\/?s={search_term_string}\"},\"query-input\":{\"@type\":\"PropertyValueSpecification\",\"valueRequired\":true,\"valueName\":\"search_term_string\"}}],\"inLanguage\":\"es\"},{\"@type\":\"Organization\",\"@id\":\"https:\/\/grayling.com\/es\/#organization\",\"name\":\"Grayling\",\"url\":\"https:\/\/grayling.com\/es\/\",\"logo\":{\"@type\":\"ImageObject\",\"inLanguage\":\"es\",\"@id\":\"https:\/\/grayling.com\/es\/#\/schema\/logo\/image\/\",\"url\":\"https:\/\/grayling.com\/wp-content\/uploads\/2020\/08\/logo.jpg\",\"contentUrl\":\"https:\/\/grayling.com\/wp-content\/uploads\/2020\/08\/logo.jpg\",\"width\":2009,\"height\":510,\"caption\":\"Grayling\"},\"image\":{\"@id\":\"https:\/\/grayling.com\/es\/#\/schema\/logo\/image\/\"}}]}<\/script>\n<!-- \/ Yoast SEO plugin. -->","yoast_head_json":{"title":"Nuestro trabajo | Grayling","description":"Creamos ventajas para algunas de las marcas y organizaciones m\u00e1s importantes del mundo. Aqu\u00ed encontrar\u00e1 m\u00e1s informaci\u00f3n sobre nuestro trabajo y sus logros.","robots":{"index":"index","follow":"follow","max-snippet":"max-snippet:-1","max-image-preview":"max-image-preview:large","max-video-preview":"max-video-preview:-1"},"canonical":"https:\/\/grayling.com\/es\/nuestro-trabajo\/","og_locale":"es_ES","og_type":"article","og_title":"Nuestro trabajo | Grayling","og_description":"Creamos ventajas para algunas de las marcas y organizaciones m\u00e1s importantes del mundo. Aqu\u00ed encontrar\u00e1 m\u00e1s informaci\u00f3n sobre nuestro trabajo y sus logros.","og_url":"https:\/\/grayling.com\/es\/nuestro-trabajo\/","og_site_name":"Grayling","article_modified_time":"2023-10-25T15:20:51+00:00","twitter_card":"summary_large_image","twitter_misc":{"Tiempo de lectura":"1 minuto"},"schema":{"@context":"https:\/\/schema.org","@graph":[{"@type":"WebPage","@id":"https:\/\/grayling.com\/es\/nuestro-trabajo\/","url":"https:\/\/grayling.com\/es\/nuestro-trabajo\/","name":"Nuestro trabajo | Grayling","isPartOf":{"@id":"https:\/\/grayling.com\/es\/#website"},"datePublished":"2020-03-11T11:43:24+00:00","dateModified":"2023-10-25T15:20:51+00:00","description":"Creamos ventajas para algunas de las marcas y organizaciones m\u00e1s importantes del mundo. Aqu\u00ed encontrar\u00e1 m\u00e1s informaci\u00f3n sobre nuestro trabajo y sus logros.","breadcrumb":{"@id":"https:\/\/grayling.com\/es\/nuestro-trabajo\/#breadcrumb"},"inLanguage":"es","potentialAction":[{"@type":"ReadAction","target":["https:\/\/grayling.com\/es\/nuestro-trabajo\/"]}]},{"@type":"BreadcrumbList","@id":"https:\/\/grayling.com\/es\/nuestro-trabajo\/#breadcrumb","itemListElement":[{"@type":"ListItem","position":1,"name":"Home","item":"https:\/\/grayling.com\/es\/"},{"@type":"ListItem","position":2,"name":"Nuestro trabajo"}]},{"@type":"WebSite","@id":"https:\/\/grayling.com\/es\/#website","url":"https:\/\/grayling.com\/es\/","name":"Grayling","description":"We create advantage","publisher":{"@id":"https:\/\/grayling.com\/es\/#organization"},"potentialAction":[{"@type":"SearchAction","target":{"@type":"EntryPoint","urlTemplate":"https:\/\/grayling.com\/es\/?s={search_term_string}"},"query-input":{"@type":"PropertyValueSpecification","valueRequired":true,"valueName":"search_term_string"}}],"inLanguage":"es"},{"@type":"Organization","@id":"https:\/\/grayling.com\/es\/#organization","name":"Grayling","url":"https:\/\/grayling.com\/es\/","logo":{"@type":"ImageObject","inLanguage":"es","@id":"https:\/\/grayling.com\/es\/#\/schema\/logo\/image\/","url":"https:\/\/grayling.com\/wp-content\/uploads\/2020\/08\/logo.jpg","contentUrl":"https:\/\/grayling.com\/wp-content\/uploads\/2020\/08\/logo.jpg","width":2009,"height":510,"caption":"Grayling"},"image":{"@id":"https:\/\/grayling.com\/es\/#\/schema\/logo\/image\/"}}]}},"_links":{"self":[{"href":"https:\/\/grayling.com\/es\/wp-json\/wp\/v2\/pages\/7880","targetHints":{"allow":["GET"]}}],"collection":[{"href":"https:\/\/grayling.com\/es\/wp-json\/wp\/v2\/pages"}],"about":[{"href":"https:\/\/grayling.com\/es\/wp-json\/wp\/v2\/types\/page"}],"author":[{"embeddable":true,"href":"https:\/\/grayling.com\/es\/wp-json\/wp\/v2\/users\/5"}],"replies":[{"embeddable":true,"href":"https:\/\/grayling.com\/es\/wp-json\/wp\/v2\/comments?post=7880"}],"version-history":[{"count":0,"href":"https:\/\/grayling.com\/es\/wp-json\/wp\/v2\/pages\/7880\/revisions"}],"wp:attachment":[{"href":"https:\/\/grayling.com\/es\/wp-json\/wp\/v2\/media?parent=7880"}],"curies":[{"name":"wp","href":"https:\/\/api.w.org\/{rel}","templated":true}]}}