{"id":7872,"date":"2020-03-11T11:42:01","date_gmt":"2020-03-11T11:42:01","guid":{"rendered":"https:\/\/graylingglobal.wpengine.com\/?page_id=7872"},"modified":"2023-12-15T11:55:12","modified_gmt":"2023-12-15T11:55:12","slug":"que-hacemos","status":"publish","type":"page","link":"https:\/\/grayling.com\/es\/que-hacemos\/","title":{"rendered":"Qu\u00e9 hacemos"},"content":{"rendered":"<p>Tenemos la creatividad, los conocimientos culturales y la flexibilidad de una boutique. Pero estamos conectados a una red de m\u00e1s de 25 oficinas en Europa y 30 en todo el mundo, por lo que obtendr\u00e1 el alcance, la influencia y la perspectiva de una agencia global. Es lo que podr\u00eda llamarse lo mejor de ambos mundos.<\/p>\n","protected":false},"excerpt":{"rendered":"Tenemos la creatividad, los conocimientos culturales y la flexibilidad de una boutique. Pero estamos conectados a una red de m\u00e1s de 25 oficinas en Europa y 30 en todo el mundo, por lo que obtendr\u00e1 el alcance, la influencia y la perspectiva de una agencia global. Es lo que podr\u00eda llamarse lo mejor de ambos&#8230;","protected":false},"author":5,"featured_media":0,"parent":0,"menu_order":21,"comment_status":"closed","ping_status":"closed","template":"template-what.php","meta":{"footnotes":""},"class_list":["post-7872","page","type-page","status-publish","hentry"],"acf":[],"yoast_head":"<!-- This site is optimized with the Yoast SEO plugin v26.9 - https:\/\/yoast.com\/product\/yoast-seo-wordpress\/ -->\n<title>Qu\u00e9 hacemos | Grayling<\/title>\n<meta name=\"description\" content=\"Desde la comunicaci\u00f3n corporativa a los servicios creativos, pasando por los asuntos p\u00fablicos y la producci\u00f3n de contenidos, ayudamos a nuestros clientes a llegar a las audiencias importantes con mensajes que funcionan.\" \/>\n<meta name=\"robots\" content=\"index, follow, max-snippet:-1, max-image-preview:large, max-video-preview:-1\" \/>\n<link rel=\"canonical\" href=\"https:\/\/grayling.com\/es\/que-hacemos\/\" \/>\n<meta property=\"og:locale\" content=\"es_ES\" \/>\n<meta property=\"og:type\" content=\"article\" \/>\n<meta property=\"og:title\" content=\"Qu\u00e9 hacemos | Grayling\" \/>\n<meta property=\"og:description\" content=\"Desde la comunicaci\u00f3n corporativa a los servicios creativos, pasando por los asuntos p\u00fablicos y la producci\u00f3n de contenidos, ayudamos a nuestros clientes a llegar a las audiencias importantes con mensajes que funcionan.\" \/>\n<meta property=\"og:url\" content=\"https:\/\/grayling.com\/es\/que-hacemos\/\" \/>\n<meta property=\"og:site_name\" content=\"Grayling\" \/>\n<meta property=\"article:modified_time\" content=\"2023-12-15T11:55:12+00:00\" \/>\n<meta name=\"twitter:card\" content=\"summary_large_image\" \/>\n<meta name=\"twitter:label1\" content=\"Tiempo de lectura\" \/>\n\t<meta name=\"twitter:data1\" content=\"1 minuto\" \/>\n<script type=\"application\/ld+json\" class=\"yoast-schema-graph\">{\"@context\":\"https:\/\/schema.org\",\"@graph\":[{\"@type\":\"WebPage\",\"@id\":\"https:\/\/grayling.com\/es\/que-hacemos\/\",\"url\":\"https:\/\/grayling.com\/es\/que-hacemos\/\",\"name\":\"Qu\u00e9 hacemos | Grayling\",\"isPartOf\":{\"@id\":\"https:\/\/grayling.com\/es\/#website\"},\"datePublished\":\"2020-03-11T11:42:01+00:00\",\"dateModified\":\"2023-12-15T11:55:12+00:00\",\"description\":\"Desde la comunicaci\u00f3n corporativa a los servicios creativos, pasando por los asuntos p\u00fablicos y la producci\u00f3n de contenidos, ayudamos a nuestros clientes a llegar a las audiencias importantes con mensajes que funcionan.\",\"breadcrumb\":{\"@id\":\"https:\/\/grayling.com\/es\/que-hacemos\/#breadcrumb\"},\"inLanguage\":\"es\",\"potentialAction\":[{\"@type\":\"ReadAction\",\"target\":[\"https:\/\/grayling.com\/es\/que-hacemos\/\"]}]},{\"@type\":\"BreadcrumbList\",\"@id\":\"https:\/\/grayling.com\/es\/que-hacemos\/#breadcrumb\",\"itemListElement\":[{\"@type\":\"ListItem\",\"position\":1,\"name\":\"Home\",\"item\":\"https:\/\/grayling.com\/es\/\"},{\"@type\":\"ListItem\",\"position\":2,\"name\":\"Qu\u00e9 hacemos\"}]},{\"@type\":\"WebSite\",\"@id\":\"https:\/\/grayling.com\/es\/#website\",\"url\":\"https:\/\/grayling.com\/es\/\",\"name\":\"Grayling\",\"description\":\"We create advantage\",\"publisher\":{\"@id\":\"https:\/\/grayling.com\/es\/#organization\"},\"potentialAction\":[{\"@type\":\"SearchAction\",\"target\":{\"@type\":\"EntryPoint\",\"urlTemplate\":\"https:\/\/grayling.com\/es\/?s={search_term_string}\"},\"query-input\":{\"@type\":\"PropertyValueSpecification\",\"valueRequired\":true,\"valueName\":\"search_term_string\"}}],\"inLanguage\":\"es\"},{\"@type\":\"Organization\",\"@id\":\"https:\/\/grayling.com\/es\/#organization\",\"name\":\"Grayling\",\"url\":\"https:\/\/grayling.com\/es\/\",\"logo\":{\"@type\":\"ImageObject\",\"inLanguage\":\"es\",\"@id\":\"https:\/\/grayling.com\/es\/#\/schema\/logo\/image\/\",\"url\":\"https:\/\/grayling.com\/wp-content\/uploads\/2020\/08\/logo.jpg\",\"contentUrl\":\"https:\/\/grayling.com\/wp-content\/uploads\/2020\/08\/logo.jpg\",\"width\":2009,\"height\":510,\"caption\":\"Grayling\"},\"image\":{\"@id\":\"https:\/\/grayling.com\/es\/#\/schema\/logo\/image\/\"}}]}<\/script>\n<!-- \/ Yoast SEO plugin. -->","yoast_head_json":{"title":"Qu\u00e9 hacemos | Grayling","description":"Desde la comunicaci\u00f3n corporativa a los servicios creativos, pasando por los asuntos p\u00fablicos y la producci\u00f3n de contenidos, ayudamos a nuestros clientes a llegar a las audiencias importantes con mensajes que funcionan.","robots":{"index":"index","follow":"follow","max-snippet":"max-snippet:-1","max-image-preview":"max-image-preview:large","max-video-preview":"max-video-preview:-1"},"canonical":"https:\/\/grayling.com\/es\/que-hacemos\/","og_locale":"es_ES","og_type":"article","og_title":"Qu\u00e9 hacemos | Grayling","og_description":"Desde la comunicaci\u00f3n corporativa a los servicios creativos, pasando por los asuntos p\u00fablicos y la producci\u00f3n de contenidos, ayudamos a nuestros clientes a llegar a las audiencias importantes con mensajes que funcionan.","og_url":"https:\/\/grayling.com\/es\/que-hacemos\/","og_site_name":"Grayling","article_modified_time":"2023-12-15T11:55:12+00:00","twitter_card":"summary_large_image","twitter_misc":{"Tiempo de lectura":"1 minuto"},"schema":{"@context":"https:\/\/schema.org","@graph":[{"@type":"WebPage","@id":"https:\/\/grayling.com\/es\/que-hacemos\/","url":"https:\/\/grayling.com\/es\/que-hacemos\/","name":"Qu\u00e9 hacemos | Grayling","isPartOf":{"@id":"https:\/\/grayling.com\/es\/#website"},"datePublished":"2020-03-11T11:42:01+00:00","dateModified":"2023-12-15T11:55:12+00:00","description":"Desde la comunicaci\u00f3n corporativa a los servicios creativos, pasando por los asuntos p\u00fablicos y la producci\u00f3n de contenidos, ayudamos a nuestros clientes a llegar a las audiencias importantes con mensajes que funcionan.","breadcrumb":{"@id":"https:\/\/grayling.com\/es\/que-hacemos\/#breadcrumb"},"inLanguage":"es","potentialAction":[{"@type":"ReadAction","target":["https:\/\/grayling.com\/es\/que-hacemos\/"]}]},{"@type":"BreadcrumbList","@id":"https:\/\/grayling.com\/es\/que-hacemos\/#breadcrumb","itemListElement":[{"@type":"ListItem","position":1,"name":"Home","item":"https:\/\/grayling.com\/es\/"},{"@type":"ListItem","position":2,"name":"Qu\u00e9 hacemos"}]},{"@type":"WebSite","@id":"https:\/\/grayling.com\/es\/#website","url":"https:\/\/grayling.com\/es\/","name":"Grayling","description":"We create advantage","publisher":{"@id":"https:\/\/grayling.com\/es\/#organization"},"potentialAction":[{"@type":"SearchAction","target":{"@type":"EntryPoint","urlTemplate":"https:\/\/grayling.com\/es\/?s={search_term_string}"},"query-input":{"@type":"PropertyValueSpecification","valueRequired":true,"valueName":"search_term_string"}}],"inLanguage":"es"},{"@type":"Organization","@id":"https:\/\/grayling.com\/es\/#organization","name":"Grayling","url":"https:\/\/grayling.com\/es\/","logo":{"@type":"ImageObject","inLanguage":"es","@id":"https:\/\/grayling.com\/es\/#\/schema\/logo\/image\/","url":"https:\/\/grayling.com\/wp-content\/uploads\/2020\/08\/logo.jpg","contentUrl":"https:\/\/grayling.com\/wp-content\/uploads\/2020\/08\/logo.jpg","width":2009,"height":510,"caption":"Grayling"},"image":{"@id":"https:\/\/grayling.com\/es\/#\/schema\/logo\/image\/"}}]}},"_links":{"self":[{"href":"https:\/\/grayling.com\/es\/wp-json\/wp\/v2\/pages\/7872","targetHints":{"allow":["GET"]}}],"collection":[{"href":"https:\/\/grayling.com\/es\/wp-json\/wp\/v2\/pages"}],"about":[{"href":"https:\/\/grayling.com\/es\/wp-json\/wp\/v2\/types\/page"}],"author":[{"embeddable":true,"href":"https:\/\/grayling.com\/es\/wp-json\/wp\/v2\/users\/5"}],"replies":[{"embeddable":true,"href":"https:\/\/grayling.com\/es\/wp-json\/wp\/v2\/comments?post=7872"}],"version-history":[{"count":0,"href":"https:\/\/grayling.com\/es\/wp-json\/wp\/v2\/pages\/7872\/revisions"}],"wp:attachment":[{"href":"https:\/\/grayling.com\/es\/wp-json\/wp\/v2\/media?parent=7872"}],"curies":[{"name":"wp","href":"https:\/\/api.w.org\/{rel}","templated":true}]}}