{"id":9026,"date":"2020-03-07T15:16:51","date_gmt":"2020-03-07T15:16:51","guid":{"rendered":"https:\/\/graylingglobal.wpengine.com\/?page_id=9026"},"modified":"2023-08-09T10:03:13","modified_gmt":"2023-08-09T09:03:13","slug":"datenschutz","status":"publish","type":"page","link":"https:\/\/grayling.com\/de\/datenschutz\/","title":{"rendered":"Datenschutz"},"content":{"rendered":"<h2>Grayling Datenschutzerkl\u00e4rung<\/h2>\n<p>Grayling Austria und Grayling Deutschland sind Teil der Unternehmensgruppe Accordience mit Sitz in London. Diese Datenschutzerkl\u00e4rung erl\u00e4utert, wie wir \u00fcber Sie erfasste personenbezogene Daten (auch als \u201eInformationen\u201c bezeichnet) verwenden. Sie beschreibt:<\/p>\n<ul>\n<li>welche Informationen wir \u00fcber Sie sammeln;<\/li>\n<li>wie wir Ihre Daten verwenden;<\/li>\n<li>mit wem wir Ihre Informationen teilen;<\/li>\n<li>Ihre Rechte in Bezug auf die Nutzung Ihrer Daten;<\/li>\n<li>wie lange wir Ihre Informationen aufbewahren, und<\/li>\n<li>wie Sie uns erreichen k\u00f6nnen.<\/li>\n<\/ul>\n<h3>Wichtige Informationen und wer wir sind<\/h3>\n<h3>Zweck dieser Datenschutzrichtlinie<\/h3>\n<p>Diese Datenschutzrichtlinie gibt Ihnen Auskunft dar\u00fcber, wie Grayling als Teil der Accordience Gruppe Ihre pers\u00f6nlichen Daten sammelt und verarbeitet. Sie gilt auch f\u00fcr jene Daten, die Sie \u00fcber unsere Website zur Verf\u00fcgung stellen, wenn Sie mit uns in Kontakt treten oder unsere Dienstleistungen nutzen.<\/p>\n<p>Diese Website ist nicht f\u00fcr Kinder bestimmt und wir sammeln nicht wissentlich Daten von Kindern.<\/p>\n<h3>Datenverantwortlicher<\/h3>\n<p>Die Accordience Gruppe betreibt eine Reihe von rechtlich verbundenen Agenturmarken (einschlie\u00dflich, aber nicht beschr\u00e4nkt auf Grayling, Citigate Dewe Rogerson und Red Consultancy). Details dazu finden Sie hier: <a href=\"https:\/\/www.accordience.com\/\" target=\"_blank\" rel=\"noopener\">https:\/\/www.accordience.com\/<\/a>. Diese Datenschutzrichtlinie wird im Namen der Accordience Gruppe herausgegeben. Wenn wir also hier \u201eAccordience\u201c, \u201ewir\u201c, \u201euns\u201c oder \u201eunser(e)\u201c schreiben, beziehen wir uns auf das entsprechende Unternehmen der Accordience Gruppe, das f\u00fcr die Verarbeitung Ihrer Daten verantwortlich ist. Hier finden Sie die englische Originalversion der Datenschutzrichtlinie von Accordience bzw. Grayling: <a href=\"https:\/\/grayling.com\/privacy-policy\/\" target=\"_blank\" rel=\"noopener\">https:\/\/grayling.com\/privacy-policy\/<\/a>.<\/p>\n<p>Wir haben einen Datenschutzbeauftragten (DSB) ernannt, der f\u00fcr die Beaufsichtigung von Fragen im Zusammenhang mit dieser Datenschutzrichtlinie verantwortlich ist. Sollten Sie Fragen dazu haben \u2013 einschlie\u00dflich Anfragen zur Aus\u00fcbung Ihrer gesetzlichen Rechte \u2013 wenden Sie sich bitte an den DSB unter Angabe der in Abschnitt 6 dieser Richtlinie angef\u00fchrten Details.<\/p>\n<h3>Links zu Drittanbietern<\/h3>\n<p>Diese Website kann Links zu Websites, Plug-ins und Anwendungen Dritter enthalten. Wenn Sie auf diese Links klicken oder diese Verbindungen aktivieren, k\u00f6nnen Drittanbieter Daten \u00fcber Sie sammeln oder weitergeben. Wir haben keine Kontrolle \u00fcber diese Websites und sind nicht f\u00fcr deren Datenschutzerkl\u00e4rungen verantwortlich. Wenn Sie unsere Website verlassen, empfehlen wir Ihnen, die Datenschutzrichtlinien jeder Website, die Sie besuchen, zu lesen.<\/p>\n<h3>1. Welche Informationen sammeln wir \u00fcber Sie?<\/h3>\n<p>Wir sammeln Informationen \u00fcber Sie:<\/p>\n<ul>\n<li>wenn Sie sich bei uns registrieren, um sich bei uns zu bewerben;<\/li>\n<li>wenn Sie eine Anfrage zu unseren Dienstleistungen stellen;<\/li>\n<li>wenn Sie freiwillig an Kundenbefragungen teilnehmen, Feedback geben und an Gewinnspielen teilnehmen oder sich in Bezug auf unseren Kontaktlisten (f\u00fcr Events etc.) eintragen lassen;<\/li>\n<li>indem wir zur Analyse Ihres Nutzungsverhaltens auf unserer Website Cookies verwenden (weitere Informationen \u00fcber unsere Cookie-Richtlinie finden Sie <a href=\"https:\/\/grayling.com\/de\/cookie-richtlinie\" target=\"_blank\" rel=\"noopener noreferrer\">hier<\/a>) und<\/li>\n<li>indem wir Ihr Nutzungsverhalten auf unserer Website (einschlie\u00dflich Informationen dar\u00fcber, aus welchem Land Sie sich eingeloggt haben, welche Seiten Sie besucht haben und wie lange Sie auf unserer Website waren) mit einem Drittanbieter-Service (z.B. Google Analytics) analysieren.<\/li>\n<\/ul>\n<h3>2. Wie verwenden wir Ihre Daten?<\/h3>\n<p>Wir verwenden Ihre Informationen zu folgenden Zwecken:<\/p>\n<ul>\n<li>Wir bearbeiten Ihre Anfrage nach Informationen \u00fcber unser Unternehmen und senden Ihnen, wenn Sie damit einverstanden sind, per Mail weitere Informationen zu unseren Dienstleistungen, von denen wir glauben, dass sie f\u00fcr Sie von Interesse sein k\u00f6nnten.<\/li>\n<\/ul>\n<p>Wir st\u00fctzen uns bei der Verarbeitung Ihrer personenbezogenen Daten auf eine der folgenden Rechtsgrundlagen (situationsbezogen):<\/p>\n<ul>\n<li>Ihre ausdr\u00fcckliche Einwilligung zur Nutzung Ihrer Daten, diese Einwilligung k\u00f6nnen Sie jederzeit widerrufen;<\/li>\n<li>Verarbeitung von Daten, um eine Vereinbarung mit Ihnen abzuschlie\u00dfen oder die von Ihnen gew\u00fcnschten Schritte vor Vertragsabschluss durchzuf\u00fchren;<\/li>\n<li>Wahrung unserer legitimen Gesch\u00e4ftsinteressen bei der Bereitstellung und Vermarktung unserer Produkte und Dienstleistungen;<\/li>\n<li>Einhaltung unserer gesetzlichen Verpflichtungen und um unsere gesetzlichen Rechte zu begr\u00fcnden, auszu\u00fcben oder zu verteidigen; und<\/li>\n<li>gegebenenfalls aus anderen Gr\u00fcnden zu Zwecken, die Sie mit uns gesondert vereinbart haben.<\/li>\n<\/ul>\n<h3>3. An wen geben wir Ihre Informationen weiter?<\/h3>\n<p>Wir geben Daten \u2013 mit ihrer Zustimmung \u2013 an folgende Dritte weiter:<\/p>\n<ul>\n<li>Daten-Verarbeiter, die unsere Partner und Lieferanten sind und uns ihre Dienstleistungen anbieten;<\/li>\n<\/ul>\n<p>Einige dieser Dienstleister haben ihren Sitz au\u00dferhalb des Europ\u00e4ischen Wirtschaftsraums (EWR) unter anderem in den Vereinigten Staaten von Amerika, China, Hongkong, Singapur, den Vereinigten Arabischen Emiraten, Katar, Kenia und Russland.<\/p>\n<p>Wenn wir Ihre Daten aus dem EWR-Raum in ein Land au\u00dferhalb des EWR \u00fcbertragen, werden wir geeignete Ma\u00dfnahmen ergreifen, um diese Daten zu sch\u00fctzen: (i) der Abschluss einer Vereinbarung mit dem Dritten, die Klauseln enth\u00e4lt, die gem\u00e4\u00df der EU-Kommission einen angemessenen Schutz f\u00fcr Ihre Informationen bietet. Eine Vorlage dazu finden Sie unter <a href=\"https:\/\/ec.europa.eu\/info\/law\/law-topic\/data-protection\/data-transfers-outside-eu\/model-contracts-transfer-personal-data-third-countries_eng\" target=\"_blank\" rel=\"noopener noreferrer\">https:\/\/ec.europa.eu\/info\/law\/law-topic\/data-protection\/international-dimension-data-protection\/standard-contractual-clauses-scc_de<\/a>; oder (ii) andernfalls wird sichergestellt, dass Informationen nur an Dritte in Hoheitsgebieten weitergegeben werden, in denen die EU-Kommission festgestellt hat, dass sie einen angemessenen Schutz f\u00fcr Ihre pers\u00f6nlichen Informationen bieten.<\/p>\n<h3>4. Welche Rechte haben Sie in Bezug auf unsere Nutzung Ihrer Daten?<\/h3>\n<p>Sie haben datenschutzrechtliche Rechte in Bezug auf die Verwendung Ihrer personenbezogenen Daten, einschlie\u00dflich:<\/p>\n<ul>\n<li>dem Recht auf Auskunft zu den von uns gespeicherten Informationen (indem Sie eine Anfrage an <strong><a href=\"mailto:privacy@accordience.com\" target=\"_blank\" rel=\"noopener\">privacy@accordience.com<\/a><\/strong>\u00a0senden;<\/li>\n<li>dem Recht auf Aktualisierung und Erg\u00e4nzung Ihrer Daten, wenn diese ungenau oder unvollst\u00e4ndig sind;<\/li>\n<li>dem Recht, bestimmten Nutzungen Ihrer personenbezogenen Daten, einschlie\u00dflich der Direktvermarktung und -verarbeitung auf der Grundlage legitimer Interessen und der Verarbeitung zu Zwecken der wissenschaftlichen oder historischen Forschung und Statistik aus Gr\u00fcnden, die sich auf Ihre besondere Situation beziehen, zu widersprechen;<\/li>\n<li>dem Recht, die L\u00f6schung Ihrer Daten zu verlangen oder deren Verwendung einzuschr\u00e4nken (z.B. k\u00f6nnen Sie, vorbehaltlich gesetzlicher Ausnahmen, verlangen, dass wir Ihre Daten l\u00f6schen, wenn sie f\u00fcr den Zweck, f\u00fcr den sie erhoben wurden, nicht mehr erforderlich sind);<\/li>\n<li>dem Recht, Ihre Einwilligung in die Nutzung Ihrer Daten zu widerrufen;<\/li>\n<li>dem Recht, eine Kopie der Informationen, die Sie uns zur Verf\u00fcgung gestellt haben, f\u00fcr Ihre eigenen Zwecke anzufordern (oft als Ihr Recht auf Daten\u00fcbertragbarkeit bezeichnet); und<\/li>\n<li>dem Recht, eine Beschwerde bei der f\u00fcr Sie zust\u00e4ndigen Datenschutzbeh\u00f6rde einzureichen.<\/li>\n<\/ul>\n<p>Wenn Sie sich bei uns angemeldet haben oder zugestimmt haben, auf einer Kontaktliste zu stehen, um Informationen von uns zu erhalten, k\u00f6nnen Sie jederzeit die L\u00f6schung beantragen \u2013 entweder indem Sie jenen Abmeldelink verwenden, der in allen elektronischen Mitteilungen enthalten ist, oder indem Sie eine E-Mail an <strong><a href=\"mailto:privacy@accordience.com\" target=\"_blank\" rel=\"noopener\">privacy@accordience.com<\/a> <\/strong>senden.<\/p>\n<p>Wenn Sie Fragen zu diesen Rechten haben oder diese aus\u00fcben m\u00f6chten, wenden Sie sich bitte an <strong><a href=\"mailto:privacy@accordience.com\" target=\"_blank\" rel=\"noopener\">privacy@accordience.com<\/a>\u00a0<\/strong>\u2013 weitere Informationen zur Kontaktaufnahme finden Sie in Abschnitt 7.<\/p>\n<h3>5. Wie lange bewahren wir Ihre Daten auf?<\/h3>\n<p>Personenbezogene Daten von Mitarbeiter\/innen und Freiberufler\/innen werden nicht l\u00e4nger als n\u00f6tig gespeichert, und dieser Zeitraum wird unter Ber\u00fccksichtigung der in Ihrem Land geltenden gesetzlichen Verj\u00e4hrungsfristen festgelegt.<\/p>\n<p>Unsere Richtlinie ist es, Bewerbungen 1 (ein) Jahr nach ihrer Einreichung zu vernichten, wenn sie nicht zu einem Stellenangebot gef\u00fchrt haben. Wenn Sie mit uns zusammenarbeiten, \u201eum einen Vertrag zu erf\u00fcllen&#8220;, kann die lokale Gesetzgebung zur Vorratsdatenspeicherung auf Elemente der Informationen, die Sie uns zur Verf\u00fcgung stellen, Anwendung finden.<\/p>\n<p>Alle anderen in Abschnitt 2 genannten Informationen werden nicht l\u00e4nger als n\u00f6tig aufbewahrt und unter Bezugnahme auf die in Ihrem Land geltenden gesetzlichen Verj\u00e4hrungsfristen oder anderweitig zwischen uns vereinbart.<\/p>\n<p>Wir werden unsere Aufbewahrungsrichtlinien laufend \u00fcberpr\u00fcfen, um sicherzustellen, dass Ihre Daten nicht l\u00e4nger als unbedingt erforderlich gespeichert werden.<\/p>\n<h3>6. Wie k\u00f6nnen Sie uns erreichen?<\/h3>\n<p>Falls Sie zu dieser Datenschutzerkl\u00e4rung oder den von uns gespeicherten Informationen \u00fcber Sie Fragen haben, k\u00f6nnen Sie per E-Mail and <strong><a href=\"mailto:privacy@accordience.com\" target=\"_blank\" rel=\"noopener\">privacy@accordience.com<\/a>\u00a0<\/strong>kontaktieren.<\/p>\n<p>Anfragen von au\u00dferhalb der Europ\u00e4ischen Union k\u00f6nnen ebenfalls \u00fcber den oben genannten E-Mail-Weg gestellt werden.<\/p>\n<h3>7. \u00c4nderungen dieser Datenschutzerkl\u00e4rung<\/h3>\n<p>Wir \u00fcberpr\u00fcfen diese Datenschutzerkl\u00e4rung regelm\u00e4\u00dfig und werden alle Aktualisierungen auf dieser Webseite ver\u00f6ffentlichen.<\/p>\n<p>Diese Datenschutzerkl\u00e4rung wurde zuletzt am 4. Juli 2022 aktualisiert.<\/p>\n","protected":false},"excerpt":{"rendered":"Grayling Datenschutzerkl\u00e4rung Grayling Austria und Grayling Deutschland sind Teil der Unternehmensgruppe Accordience mit Sitz in London. Diese Datenschutzerkl\u00e4rung erl\u00e4utert, wie wir \u00fcber Sie erfasste personenbezogene Daten (auch als \u201eInformationen\u201c bezeichnet) verwenden. Sie beschreibt: welche Informationen wir \u00fcber Sie sammeln; wie wir Ihre Daten verwenden; mit wem wir Ihre Informationen teilen; Ihre Rechte in Bezug auf&#8230;","protected":false},"author":9,"featured_media":0,"parent":0,"menu_order":69,"comment_status":"closed","ping_status":"closed","template":"","meta":{"footnotes":""},"class_list":["post-9026","page","type-page","status-publish","hentry"],"acf":[],"yoast_head":"<!-- This site is optimized with the Yoast SEO plugin v26.9 - https:\/\/yoast.com\/product\/yoast-seo-wordpress\/ -->\n<title>Datenschutz - Grayling<\/title>\n<meta name=\"robots\" content=\"index, follow, max-snippet:-1, max-image-preview:large, max-video-preview:-1\" \/>\n<link rel=\"canonical\" href=\"https:\/\/grayling.com\/de\/datenschutz\/\" \/>\n<meta property=\"og:locale\" content=\"de_DE\" \/>\n<meta property=\"og:type\" content=\"article\" \/>\n<meta property=\"og:title\" content=\"Datenschutz - Grayling\" \/>\n<meta property=\"og:description\" content=\"Grayling Datenschutzerkl\u00e4rung Grayling Austria und Grayling Deutschland sind Teil der Unternehmensgruppe Accordience mit Sitz in London. Diese Datenschutzerkl\u00e4rung erl\u00e4utert, wie wir \u00fcber Sie erfasste personenbezogene Daten (auch als \u201eInformationen\u201c bezeichnet) verwenden. Sie beschreibt: welche Informationen wir \u00fcber Sie sammeln; wie wir Ihre Daten verwenden; mit wem wir Ihre Informationen teilen; Ihre Rechte in Bezug auf...\" \/>\n<meta property=\"og:url\" content=\"https:\/\/grayling.com\/de\/datenschutz\/\" \/>\n<meta property=\"og:site_name\" content=\"Grayling\" \/>\n<meta property=\"article:modified_time\" content=\"2023-08-09T09:03:13+00:00\" \/>\n<meta name=\"twitter:card\" content=\"summary_large_image\" \/>\n<meta name=\"twitter:label1\" content=\"Gesch\u00e4tzte Lesezeit\" \/>\n\t<meta name=\"twitter:data1\" content=\"6 Minuten\" \/>\n<script type=\"application\/ld+json\" class=\"yoast-schema-graph\">{\"@context\":\"https:\/\/schema.org\",\"@graph\":[{\"@type\":\"WebPage\",\"@id\":\"https:\/\/grayling.com\/de\/datenschutz\/\",\"url\":\"https:\/\/grayling.com\/de\/datenschutz\/\",\"name\":\"Datenschutz - Grayling\",\"isPartOf\":{\"@id\":\"https:\/\/grayling.com\/de\/#website\"},\"datePublished\":\"2020-03-07T15:16:51+00:00\",\"dateModified\":\"2023-08-09T09:03:13+00:00\",\"breadcrumb\":{\"@id\":\"https:\/\/grayling.com\/de\/datenschutz\/#breadcrumb\"},\"inLanguage\":\"de-DE\",\"potentialAction\":[{\"@type\":\"ReadAction\",\"target\":[\"https:\/\/grayling.com\/de\/datenschutz\/\"]}]},{\"@type\":\"BreadcrumbList\",\"@id\":\"https:\/\/grayling.com\/de\/datenschutz\/#breadcrumb\",\"itemListElement\":[{\"@type\":\"ListItem\",\"position\":1,\"name\":\"Home\",\"item\":\"https:\/\/grayling.com\/de\/\"},{\"@type\":\"ListItem\",\"position\":2,\"name\":\"Datenschutz\"}]},{\"@type\":\"WebSite\",\"@id\":\"https:\/\/grayling.com\/de\/#website\",\"url\":\"https:\/\/grayling.com\/de\/\",\"name\":\"Grayling\",\"description\":\"We create advantage\",\"publisher\":{\"@id\":\"https:\/\/grayling.com\/de\/#organization\"},\"potentialAction\":[{\"@type\":\"SearchAction\",\"target\":{\"@type\":\"EntryPoint\",\"urlTemplate\":\"https:\/\/grayling.com\/de\/?s={search_term_string}\"},\"query-input\":{\"@type\":\"PropertyValueSpecification\",\"valueRequired\":true,\"valueName\":\"search_term_string\"}}],\"inLanguage\":\"de-DE\"},{\"@type\":\"Organization\",\"@id\":\"https:\/\/grayling.com\/de\/#organization\",\"name\":\"Grayling\",\"url\":\"https:\/\/grayling.com\/de\/\",\"logo\":{\"@type\":\"ImageObject\",\"inLanguage\":\"de-DE\",\"@id\":\"https:\/\/grayling.com\/de\/#\/schema\/logo\/image\/\",\"url\":\"https:\/\/grayling.com\/wp-content\/uploads\/2020\/08\/logo.jpg\",\"contentUrl\":\"https:\/\/grayling.com\/wp-content\/uploads\/2020\/08\/logo.jpg\",\"width\":2009,\"height\":510,\"caption\":\"Grayling\"},\"image\":{\"@id\":\"https:\/\/grayling.com\/de\/#\/schema\/logo\/image\/\"}}]}<\/script>\n<!-- \/ Yoast SEO plugin. -->","yoast_head_json":{"title":"Datenschutz - Grayling","robots":{"index":"index","follow":"follow","max-snippet":"max-snippet:-1","max-image-preview":"max-image-preview:large","max-video-preview":"max-video-preview:-1"},"canonical":"https:\/\/grayling.com\/de\/datenschutz\/","og_locale":"de_DE","og_type":"article","og_title":"Datenschutz - Grayling","og_description":"Grayling Datenschutzerkl\u00e4rung Grayling Austria und Grayling Deutschland sind Teil der Unternehmensgruppe Accordience mit Sitz in London. Diese Datenschutzerkl\u00e4rung erl\u00e4utert, wie wir \u00fcber Sie erfasste personenbezogene Daten (auch als \u201eInformationen\u201c bezeichnet) verwenden. Sie beschreibt: welche Informationen wir \u00fcber Sie sammeln; wie wir Ihre Daten verwenden; mit wem wir Ihre Informationen teilen; Ihre Rechte in Bezug auf...","og_url":"https:\/\/grayling.com\/de\/datenschutz\/","og_site_name":"Grayling","article_modified_time":"2023-08-09T09:03:13+00:00","twitter_card":"summary_large_image","twitter_misc":{"Gesch\u00e4tzte Lesezeit":"6 Minuten"},"schema":{"@context":"https:\/\/schema.org","@graph":[{"@type":"WebPage","@id":"https:\/\/grayling.com\/de\/datenschutz\/","url":"https:\/\/grayling.com\/de\/datenschutz\/","name":"Datenschutz - Grayling","isPartOf":{"@id":"https:\/\/grayling.com\/de\/#website"},"datePublished":"2020-03-07T15:16:51+00:00","dateModified":"2023-08-09T09:03:13+00:00","breadcrumb":{"@id":"https:\/\/grayling.com\/de\/datenschutz\/#breadcrumb"},"inLanguage":"de-DE","potentialAction":[{"@type":"ReadAction","target":["https:\/\/grayling.com\/de\/datenschutz\/"]}]},{"@type":"BreadcrumbList","@id":"https:\/\/grayling.com\/de\/datenschutz\/#breadcrumb","itemListElement":[{"@type":"ListItem","position":1,"name":"Home","item":"https:\/\/grayling.com\/de\/"},{"@type":"ListItem","position":2,"name":"Datenschutz"}]},{"@type":"WebSite","@id":"https:\/\/grayling.com\/de\/#website","url":"https:\/\/grayling.com\/de\/","name":"Grayling","description":"We create advantage","publisher":{"@id":"https:\/\/grayling.com\/de\/#organization"},"potentialAction":[{"@type":"SearchAction","target":{"@type":"EntryPoint","urlTemplate":"https:\/\/grayling.com\/de\/?s={search_term_string}"},"query-input":{"@type":"PropertyValueSpecification","valueRequired":true,"valueName":"search_term_string"}}],"inLanguage":"de-DE"},{"@type":"Organization","@id":"https:\/\/grayling.com\/de\/#organization","name":"Grayling","url":"https:\/\/grayling.com\/de\/","logo":{"@type":"ImageObject","inLanguage":"de-DE","@id":"https:\/\/grayling.com\/de\/#\/schema\/logo\/image\/","url":"https:\/\/grayling.com\/wp-content\/uploads\/2020\/08\/logo.jpg","contentUrl":"https:\/\/grayling.com\/wp-content\/uploads\/2020\/08\/logo.jpg","width":2009,"height":510,"caption":"Grayling"},"image":{"@id":"https:\/\/grayling.com\/de\/#\/schema\/logo\/image\/"}}]}},"_links":{"self":[{"href":"https:\/\/grayling.com\/de\/wp-json\/wp\/v2\/pages\/9026","targetHints":{"allow":["GET"]}}],"collection":[{"href":"https:\/\/grayling.com\/de\/wp-json\/wp\/v2\/pages"}],"about":[{"href":"https:\/\/grayling.com\/de\/wp-json\/wp\/v2\/types\/page"}],"author":[{"embeddable":true,"href":"https:\/\/grayling.com\/de\/wp-json\/wp\/v2\/users\/9"}],"replies":[{"embeddable":true,"href":"https:\/\/grayling.com\/de\/wp-json\/wp\/v2\/comments?post=9026"}],"version-history":[{"count":0,"href":"https:\/\/grayling.com\/de\/wp-json\/wp\/v2\/pages\/9026\/revisions"}],"wp:attachment":[{"href":"https:\/\/grayling.com\/de\/wp-json\/wp\/v2\/media?parent=9026"}],"curies":[{"name":"wp","href":"https:\/\/api.w.org\/{rel}","templated":true}]}}