{"id":9006,"date":"2020-04-01T15:13:03","date_gmt":"2020-04-01T14:13:03","guid":{"rendered":"https:\/\/graylingglobal.wpengine.com\/?page_id=9006"},"modified":"2025-07-11T15:53:31","modified_gmt":"2025-07-11T14:53:31","slug":"impressum","status":"publish","type":"page","link":"https:\/\/grayling.com\/de\/impressum\/","title":{"rendered":"Impressum"},"content":{"rendered":"<h4>Gesetzliche Informationen<\/h4>\n<p>&nbsp;<\/p>\n<p>Grayling Communications Limited ist in England registriert.<br \/>\nRegistrierungsnummer (FN): 3140273<br \/>\nEingetragener Sitz: 26 Southampton Buildings, London WC2A 1AN, Gro\u00dfbritannien<br \/>\nTelefon: +44 20 3861 3750<br \/>\nE-Mail: london@grayling.com<\/p>\n<p>Gesch\u00e4ftsf\u00fchrung: Richard Jukes<\/p>\n<p>Deutschsprachige <a href=\"https:\/\/grayling.com\/de\/bueros\/\" target=\"_blank\" rel=\"noopener\">Grayling B\u00fcros<\/a> finden Sie in <a href=\"https:\/\/grayling.com\/de\/bueros\/\" target=\"_blank\" rel=\"noopener\">Frankfurt und Wien<\/a>.<\/p>\n<p>&nbsp;<\/p>\n<p>Die auf dieser Website enthaltenen Informationen wurden ausschlie\u00dflich zu dem Zweck erstellt, Informationen \u00fcber Grayling, seine Tochtergesellschaften und die von ihnen angebotenen Dienstleistungen bereitzustellen. Sie stellt kein Angebot zum Verkauf von Wertpapieren dar und darf nicht als Grundlage f\u00fcr eine Anlageentscheidung herangezogen werden.<\/p>\n<p>Mit dem Zugriff auf diese Website erkl\u00e4ren Sie sich damit einverstanden, dass Grayling nicht f\u00fcr direkte, indirekte oder Folgesch\u00e4den haftet, die sich aus der Nutzung der auf dieser Website enthaltenen Informationen und Materialien oder aus Ihrem Zugriff auf andere Materialien im Internet \u00fcber Weblinks von dieser Website ergeben. Die oben genannten Ausschl\u00fcsse und Beschr\u00e4nkungen gelten nur in dem gesetzlich zul\u00e4ssigen Umfang.<\/p>\n<p>Das Urheberrecht an dem auf dieser Website enthaltenen Material und an allen darin enthaltenen Grayling-Warenzeichen und -Marken liegt bei Grayling oder seinen Lizenzgebern. Das Material darf nur f\u00fcr den pers\u00f6nlichen Gebrauch der betreffenden Person zu nicht-kommerziellen Zwecken verwendet werden. Die Kopien m\u00fcssen alle Urheberrechts- oder sonstigen Hinweise auf geistiges Eigentum, die im Originalmaterial enthalten sind, beibehalten, und die auf dieser Website beschriebenen Produkte, Technologien oder Verfahren k\u00f6nnen Gegenstand anderer geistiger Eigentumsrechte sein, die Grayling oder anderen Dritten vorbehalten sind. F\u00fcr diese Rechte an geistigem Eigentum wird keine Lizenz erteilt. Die auf dieser Website gezeigten Bilder, Warenzeichen und Marken sind urheberrechtlich, markenrechtlich und durch andere Gesetze zum Schutz des geistigen Eigentums gesch\u00fctzt und d\u00fcrfen ohne schriftliche Genehmigung des\/der jeweiligen Eigent\u00fcmers nicht vervielf\u00e4ltigt oder in irgendeiner Weise verwendet werden.<\/p>\n<h4>E-Mail Haftungsausschluss<\/h4>\n<p>Grayling oder eines seiner Tochterunternehmen kann nicht f\u00fcr den Inhalt dieser E-Mail verantwortlich gemacht werden, da er m\u00f6glicherweise die pers\u00f6nliche Meinung des Absenders und nicht die des Unternehmens widerspiegelt. Sollten Sie diese E-Mail irrt\u00fcmlich erhalten haben, benachrichtigen Sie bitte sofort den Absender und geben Sie sie nicht weiter, kopieren oder verbreiten Sie sie nicht. Obwohl Grayling auf allen Servern und Workstations Antivirensoftware einsetzt, kann das Unternehmen nicht f\u00fcr infizierte Dateien verantwortlich gemacht werden, die Sie erhalten. Grayling r\u00e4t allen Empf\u00e4ngern, alle Dateianh\u00e4nge auf Viren zu pr\u00fcfen.<\/p>\n<p>&nbsp;<\/p>\n","protected":false},"excerpt":{"rendered":"Gesetzliche Informationen &nbsp; Grayling Communications Limited ist in England registriert. Registrierungsnummer (FN): 3140273 Eingetragener Sitz: 26 Southampton Buildings, London WC2A 1AN, Gro\u00dfbritannien Telefon: +44 20 3861 3750 E-Mail: london@grayling.com Gesch\u00e4ftsf\u00fchrung: Richard Jukes Deutschsprachige Grayling B\u00fcros finden Sie in Frankfurt und Wien. &nbsp; Die auf dieser Website enthaltenen Informationen wurden ausschlie\u00dflich zu dem Zweck erstellt, Informationen&#8230;","protected":false},"author":5,"featured_media":0,"parent":0,"menu_order":46,"comment_status":"closed","ping_status":"closed","template":"","meta":{"footnotes":""},"class_list":["post-9006","page","type-page","status-publish","hentry"],"acf":[],"yoast_head":"<!-- This site is optimized with the Yoast SEO plugin v26.9 - https:\/\/yoast.com\/product\/yoast-seo-wordpress\/ -->\n<title>Impressum | Grayling<\/title>\n<meta name=\"robots\" content=\"index, follow, max-snippet:-1, max-image-preview:large, max-video-preview:-1\" \/>\n<link rel=\"canonical\" href=\"https:\/\/grayling.com\/de\/impressum\/\" \/>\n<meta property=\"og:locale\" content=\"de_DE\" \/>\n<meta property=\"og:type\" content=\"article\" \/>\n<meta property=\"og:title\" content=\"Impressum | Grayling\" \/>\n<meta property=\"og:description\" content=\"Gesetzliche Informationen &nbsp; Grayling Communications Limited ist in England registriert. Registrierungsnummer (FN): 3140273 Eingetragener Sitz: 26 Southampton Buildings, London WC2A 1AN, Gro\u00dfbritannien Telefon: +44 20 3861 3750 E-Mail: london@grayling.com Gesch\u00e4ftsf\u00fchrung: Richard Jukes Deutschsprachige Grayling B\u00fcros finden Sie in Frankfurt und Wien. &nbsp; Die auf dieser Website enthaltenen Informationen wurden ausschlie\u00dflich zu dem Zweck erstellt, Informationen...\" \/>\n<meta property=\"og:url\" content=\"https:\/\/grayling.com\/de\/impressum\/\" \/>\n<meta property=\"og:site_name\" content=\"Grayling\" \/>\n<meta property=\"article:modified_time\" content=\"2025-07-11T14:53:31+00:00\" \/>\n<meta name=\"twitter:card\" content=\"summary_large_image\" \/>\n<meta name=\"twitter:label1\" content=\"Gesch\u00e4tzte Lesezeit\" \/>\n\t<meta name=\"twitter:data1\" content=\"2 Minuten\" \/>\n<script type=\"application\/ld+json\" class=\"yoast-schema-graph\">{\"@context\":\"https:\/\/schema.org\",\"@graph\":[{\"@type\":\"WebPage\",\"@id\":\"https:\/\/grayling.com\/de\/impressum\/\",\"url\":\"https:\/\/grayling.com\/de\/impressum\/\",\"name\":\"Impressum | Grayling\",\"isPartOf\":{\"@id\":\"https:\/\/grayling.com\/de\/#website\"},\"datePublished\":\"2020-04-01T14:13:03+00:00\",\"dateModified\":\"2025-07-11T14:53:31+00:00\",\"breadcrumb\":{\"@id\":\"https:\/\/grayling.com\/de\/impressum\/#breadcrumb\"},\"inLanguage\":\"de-DE\",\"potentialAction\":[{\"@type\":\"ReadAction\",\"target\":[\"https:\/\/grayling.com\/de\/impressum\/\"]}]},{\"@type\":\"BreadcrumbList\",\"@id\":\"https:\/\/grayling.com\/de\/impressum\/#breadcrumb\",\"itemListElement\":[{\"@type\":\"ListItem\",\"position\":1,\"name\":\"Home\",\"item\":\"https:\/\/grayling.com\/de\/\"},{\"@type\":\"ListItem\",\"position\":2,\"name\":\"Impressum\"}]},{\"@type\":\"WebSite\",\"@id\":\"https:\/\/grayling.com\/de\/#website\",\"url\":\"https:\/\/grayling.com\/de\/\",\"name\":\"Grayling\",\"description\":\"We create advantage\",\"publisher\":{\"@id\":\"https:\/\/grayling.com\/de\/#organization\"},\"potentialAction\":[{\"@type\":\"SearchAction\",\"target\":{\"@type\":\"EntryPoint\",\"urlTemplate\":\"https:\/\/grayling.com\/de\/?s={search_term_string}\"},\"query-input\":{\"@type\":\"PropertyValueSpecification\",\"valueRequired\":true,\"valueName\":\"search_term_string\"}}],\"inLanguage\":\"de-DE\"},{\"@type\":\"Organization\",\"@id\":\"https:\/\/grayling.com\/de\/#organization\",\"name\":\"Grayling\",\"url\":\"https:\/\/grayling.com\/de\/\",\"logo\":{\"@type\":\"ImageObject\",\"inLanguage\":\"de-DE\",\"@id\":\"https:\/\/grayling.com\/de\/#\/schema\/logo\/image\/\",\"url\":\"https:\/\/grayling.com\/wp-content\/uploads\/2020\/08\/logo.jpg\",\"contentUrl\":\"https:\/\/grayling.com\/wp-content\/uploads\/2020\/08\/logo.jpg\",\"width\":2009,\"height\":510,\"caption\":\"Grayling\"},\"image\":{\"@id\":\"https:\/\/grayling.com\/de\/#\/schema\/logo\/image\/\"}}]}<\/script>\n<!-- \/ Yoast SEO plugin. -->","yoast_head_json":{"title":"Impressum | Grayling","robots":{"index":"index","follow":"follow","max-snippet":"max-snippet:-1","max-image-preview":"max-image-preview:large","max-video-preview":"max-video-preview:-1"},"canonical":"https:\/\/grayling.com\/de\/impressum\/","og_locale":"de_DE","og_type":"article","og_title":"Impressum | Grayling","og_description":"Gesetzliche Informationen &nbsp; Grayling Communications Limited ist in England registriert. Registrierungsnummer (FN): 3140273 Eingetragener Sitz: 26 Southampton Buildings, London WC2A 1AN, Gro\u00dfbritannien Telefon: +44 20 3861 3750 E-Mail: london@grayling.com Gesch\u00e4ftsf\u00fchrung: Richard Jukes Deutschsprachige Grayling B\u00fcros finden Sie in Frankfurt und Wien. &nbsp; Die auf dieser Website enthaltenen Informationen wurden ausschlie\u00dflich zu dem Zweck erstellt, Informationen...","og_url":"https:\/\/grayling.com\/de\/impressum\/","og_site_name":"Grayling","article_modified_time":"2025-07-11T14:53:31+00:00","twitter_card":"summary_large_image","twitter_misc":{"Gesch\u00e4tzte Lesezeit":"2 Minuten"},"schema":{"@context":"https:\/\/schema.org","@graph":[{"@type":"WebPage","@id":"https:\/\/grayling.com\/de\/impressum\/","url":"https:\/\/grayling.com\/de\/impressum\/","name":"Impressum | Grayling","isPartOf":{"@id":"https:\/\/grayling.com\/de\/#website"},"datePublished":"2020-04-01T14:13:03+00:00","dateModified":"2025-07-11T14:53:31+00:00","breadcrumb":{"@id":"https:\/\/grayling.com\/de\/impressum\/#breadcrumb"},"inLanguage":"de-DE","potentialAction":[{"@type":"ReadAction","target":["https:\/\/grayling.com\/de\/impressum\/"]}]},{"@type":"BreadcrumbList","@id":"https:\/\/grayling.com\/de\/impressum\/#breadcrumb","itemListElement":[{"@type":"ListItem","position":1,"name":"Home","item":"https:\/\/grayling.com\/de\/"},{"@type":"ListItem","position":2,"name":"Impressum"}]},{"@type":"WebSite","@id":"https:\/\/grayling.com\/de\/#website","url":"https:\/\/grayling.com\/de\/","name":"Grayling","description":"We create advantage","publisher":{"@id":"https:\/\/grayling.com\/de\/#organization"},"potentialAction":[{"@type":"SearchAction","target":{"@type":"EntryPoint","urlTemplate":"https:\/\/grayling.com\/de\/?s={search_term_string}"},"query-input":{"@type":"PropertyValueSpecification","valueRequired":true,"valueName":"search_term_string"}}],"inLanguage":"de-DE"},{"@type":"Organization","@id":"https:\/\/grayling.com\/de\/#organization","name":"Grayling","url":"https:\/\/grayling.com\/de\/","logo":{"@type":"ImageObject","inLanguage":"de-DE","@id":"https:\/\/grayling.com\/de\/#\/schema\/logo\/image\/","url":"https:\/\/grayling.com\/wp-content\/uploads\/2020\/08\/logo.jpg","contentUrl":"https:\/\/grayling.com\/wp-content\/uploads\/2020\/08\/logo.jpg","width":2009,"height":510,"caption":"Grayling"},"image":{"@id":"https:\/\/grayling.com\/de\/#\/schema\/logo\/image\/"}}]}},"_links":{"self":[{"href":"https:\/\/grayling.com\/de\/wp-json\/wp\/v2\/pages\/9006","targetHints":{"allow":["GET"]}}],"collection":[{"href":"https:\/\/grayling.com\/de\/wp-json\/wp\/v2\/pages"}],"about":[{"href":"https:\/\/grayling.com\/de\/wp-json\/wp\/v2\/types\/page"}],"author":[{"embeddable":true,"href":"https:\/\/grayling.com\/de\/wp-json\/wp\/v2\/users\/5"}],"replies":[{"embeddable":true,"href":"https:\/\/grayling.com\/de\/wp-json\/wp\/v2\/comments?post=9006"}],"version-history":[{"count":0,"href":"https:\/\/grayling.com\/de\/wp-json\/wp\/v2\/pages\/9006\/revisions"}],"wp:attachment":[{"href":"https:\/\/grayling.com\/de\/wp-json\/wp\/v2\/media?parent=9006"}],"curies":[{"name":"wp","href":"https:\/\/api.w.org\/{rel}","templated":true}]}}