{"id":7957,"date":"2020-03-07T16:02:14","date_gmt":"2020-03-07T16:02:14","guid":{"rendered":"https:\/\/graylingglobal.wpengine.com\/our-offices\/"},"modified":"2023-10-18T15:43:33","modified_gmt":"2023-10-18T14:43:33","slug":"bueros","status":"publish","type":"page","link":"https:\/\/grayling.com\/de\/bueros\/","title":{"rendered":"B\u00fcros"},"content":{"rendered":"<h1>Die lokale Agentur der Welt<\/h1>\n<p>Wir verf\u00fcgen \u00fcber die Kreativit\u00e4t, das kulturelle Know-how und die Flexibilit\u00e4t einer Boutique. Aber wir sind mit einem Netzwerk von mehr als 25 B\u00fcros in Europa und 30 in der ganzen Welt verbunden, so dass Sie die Reichweite, den Einfluss und die Perspektive einer globalen Agentur erhalten. Es ist sozusagen das Beste aus beiden Welten.<\/p>\n","protected":false},"excerpt":{"rendered":"Die lokale Agentur der Welt Wir verf\u00fcgen \u00fcber die Kreativit\u00e4t, das kulturelle Know-how und die Flexibilit\u00e4t einer Boutique. Aber wir sind mit einem Netzwerk von mehr als 25 B\u00fcros in Europa und 30 in der ganzen Welt verbunden, so dass Sie die Reichweite, den Einfluss und die Perspektive einer globalen Agentur erhalten. Es ist sozusagen&#8230;","protected":false},"author":5,"featured_media":0,"parent":0,"menu_order":33,"comment_status":"closed","ping_status":"closed","template":"template-offices.php","meta":{"footnotes":""},"class_list":["post-7957","page","type-page","status-publish","hentry"],"acf":[],"yoast_head":"<!-- This site is optimized with the Yoast SEO plugin v26.9 - https:\/\/yoast.com\/product\/yoast-seo-wordpress\/ -->\n<title>B\u00fcros | Grayling<\/title>\n<meta name=\"description\" content=\"Um zu erfahren, wie wir Ihnen helfen k\u00f6nnen, nehmen Sie mit Ihrem n\u00e4chstgelegenen Grayling B\u00fcro Kontakt auf\" \/>\n<meta name=\"robots\" content=\"index, follow, max-snippet:-1, max-image-preview:large, max-video-preview:-1\" \/>\n<link rel=\"canonical\" href=\"https:\/\/grayling.com\/de\/bueros\/\" \/>\n<meta property=\"og:locale\" content=\"de_DE\" \/>\n<meta property=\"og:type\" content=\"article\" \/>\n<meta property=\"og:title\" content=\"B\u00fcros | Grayling\" \/>\n<meta property=\"og:description\" content=\"Um zu erfahren, wie wir Ihnen helfen k\u00f6nnen, nehmen Sie mit Ihrem n\u00e4chstgelegenen Grayling B\u00fcro Kontakt auf\" \/>\n<meta property=\"og:url\" content=\"https:\/\/grayling.com\/de\/bueros\/\" \/>\n<meta property=\"og:site_name\" content=\"Grayling\" \/>\n<meta property=\"article:modified_time\" content=\"2023-10-18T14:43:33+00:00\" \/>\n<meta name=\"twitter:card\" content=\"summary_large_image\" \/>\n<meta name=\"twitter:label1\" content=\"Gesch\u00e4tzte Lesezeit\" \/>\n\t<meta name=\"twitter:data1\" content=\"1 Minute\" \/>\n<script type=\"application\/ld+json\" class=\"yoast-schema-graph\">{\"@context\":\"https:\/\/schema.org\",\"@graph\":[{\"@type\":\"WebPage\",\"@id\":\"https:\/\/grayling.com\/de\/bueros\/\",\"url\":\"https:\/\/grayling.com\/de\/bueros\/\",\"name\":\"B\u00fcros | Grayling\",\"isPartOf\":{\"@id\":\"https:\/\/grayling.com\/de\/#website\"},\"datePublished\":\"2020-03-07T16:02:14+00:00\",\"dateModified\":\"2023-10-18T14:43:33+00:00\",\"description\":\"Um zu erfahren, wie wir Ihnen helfen k\u00f6nnen, nehmen Sie mit Ihrem n\u00e4chstgelegenen Grayling B\u00fcro Kontakt auf\",\"breadcrumb\":{\"@id\":\"https:\/\/grayling.com\/de\/bueros\/#breadcrumb\"},\"inLanguage\":\"de-DE\",\"potentialAction\":[{\"@type\":\"ReadAction\",\"target\":[\"https:\/\/grayling.com\/de\/bueros\/\"]}]},{\"@type\":\"BreadcrumbList\",\"@id\":\"https:\/\/grayling.com\/de\/bueros\/#breadcrumb\",\"itemListElement\":[{\"@type\":\"ListItem\",\"position\":1,\"name\":\"Home\",\"item\":\"https:\/\/grayling.com\/de\/\"},{\"@type\":\"ListItem\",\"position\":2,\"name\":\"B\u00fcros\"}]},{\"@type\":\"WebSite\",\"@id\":\"https:\/\/grayling.com\/de\/#website\",\"url\":\"https:\/\/grayling.com\/de\/\",\"name\":\"Grayling\",\"description\":\"We create advantage\",\"publisher\":{\"@id\":\"https:\/\/grayling.com\/de\/#organization\"},\"potentialAction\":[{\"@type\":\"SearchAction\",\"target\":{\"@type\":\"EntryPoint\",\"urlTemplate\":\"https:\/\/grayling.com\/de\/?s={search_term_string}\"},\"query-input\":{\"@type\":\"PropertyValueSpecification\",\"valueRequired\":true,\"valueName\":\"search_term_string\"}}],\"inLanguage\":\"de-DE\"},{\"@type\":\"Organization\",\"@id\":\"https:\/\/grayling.com\/de\/#organization\",\"name\":\"Grayling\",\"url\":\"https:\/\/grayling.com\/de\/\",\"logo\":{\"@type\":\"ImageObject\",\"inLanguage\":\"de-DE\",\"@id\":\"https:\/\/grayling.com\/de\/#\/schema\/logo\/image\/\",\"url\":\"https:\/\/grayling.com\/wp-content\/uploads\/2020\/08\/logo.jpg\",\"contentUrl\":\"https:\/\/grayling.com\/wp-content\/uploads\/2020\/08\/logo.jpg\",\"width\":2009,\"height\":510,\"caption\":\"Grayling\"},\"image\":{\"@id\":\"https:\/\/grayling.com\/de\/#\/schema\/logo\/image\/\"}}]}<\/script>\n<!-- \/ Yoast SEO plugin. -->","yoast_head_json":{"title":"B\u00fcros | Grayling","description":"Um zu erfahren, wie wir Ihnen helfen k\u00f6nnen, nehmen Sie mit Ihrem n\u00e4chstgelegenen Grayling B\u00fcro Kontakt auf","robots":{"index":"index","follow":"follow","max-snippet":"max-snippet:-1","max-image-preview":"max-image-preview:large","max-video-preview":"max-video-preview:-1"},"canonical":"https:\/\/grayling.com\/de\/bueros\/","og_locale":"de_DE","og_type":"article","og_title":"B\u00fcros | Grayling","og_description":"Um zu erfahren, wie wir Ihnen helfen k\u00f6nnen, nehmen Sie mit Ihrem n\u00e4chstgelegenen Grayling B\u00fcro Kontakt auf","og_url":"https:\/\/grayling.com\/de\/bueros\/","og_site_name":"Grayling","article_modified_time":"2023-10-18T14:43:33+00:00","twitter_card":"summary_large_image","twitter_misc":{"Gesch\u00e4tzte Lesezeit":"1 Minute"},"schema":{"@context":"https:\/\/schema.org","@graph":[{"@type":"WebPage","@id":"https:\/\/grayling.com\/de\/bueros\/","url":"https:\/\/grayling.com\/de\/bueros\/","name":"B\u00fcros | Grayling","isPartOf":{"@id":"https:\/\/grayling.com\/de\/#website"},"datePublished":"2020-03-07T16:02:14+00:00","dateModified":"2023-10-18T14:43:33+00:00","description":"Um zu erfahren, wie wir Ihnen helfen k\u00f6nnen, nehmen Sie mit Ihrem n\u00e4chstgelegenen Grayling B\u00fcro Kontakt auf","breadcrumb":{"@id":"https:\/\/grayling.com\/de\/bueros\/#breadcrumb"},"inLanguage":"de-DE","potentialAction":[{"@type":"ReadAction","target":["https:\/\/grayling.com\/de\/bueros\/"]}]},{"@type":"BreadcrumbList","@id":"https:\/\/grayling.com\/de\/bueros\/#breadcrumb","itemListElement":[{"@type":"ListItem","position":1,"name":"Home","item":"https:\/\/grayling.com\/de\/"},{"@type":"ListItem","position":2,"name":"B\u00fcros"}]},{"@type":"WebSite","@id":"https:\/\/grayling.com\/de\/#website","url":"https:\/\/grayling.com\/de\/","name":"Grayling","description":"We create advantage","publisher":{"@id":"https:\/\/grayling.com\/de\/#organization"},"potentialAction":[{"@type":"SearchAction","target":{"@type":"EntryPoint","urlTemplate":"https:\/\/grayling.com\/de\/?s={search_term_string}"},"query-input":{"@type":"PropertyValueSpecification","valueRequired":true,"valueName":"search_term_string"}}],"inLanguage":"de-DE"},{"@type":"Organization","@id":"https:\/\/grayling.com\/de\/#organization","name":"Grayling","url":"https:\/\/grayling.com\/de\/","logo":{"@type":"ImageObject","inLanguage":"de-DE","@id":"https:\/\/grayling.com\/de\/#\/schema\/logo\/image\/","url":"https:\/\/grayling.com\/wp-content\/uploads\/2020\/08\/logo.jpg","contentUrl":"https:\/\/grayling.com\/wp-content\/uploads\/2020\/08\/logo.jpg","width":2009,"height":510,"caption":"Grayling"},"image":{"@id":"https:\/\/grayling.com\/de\/#\/schema\/logo\/image\/"}}]}},"_links":{"self":[{"href":"https:\/\/grayling.com\/de\/wp-json\/wp\/v2\/pages\/7957","targetHints":{"allow":["GET"]}}],"collection":[{"href":"https:\/\/grayling.com\/de\/wp-json\/wp\/v2\/pages"}],"about":[{"href":"https:\/\/grayling.com\/de\/wp-json\/wp\/v2\/types\/page"}],"author":[{"embeddable":true,"href":"https:\/\/grayling.com\/de\/wp-json\/wp\/v2\/users\/5"}],"replies":[{"embeddable":true,"href":"https:\/\/grayling.com\/de\/wp-json\/wp\/v2\/comments?post=7957"}],"version-history":[{"count":0,"href":"https:\/\/grayling.com\/de\/wp-json\/wp\/v2\/pages\/7957\/revisions"}],"wp:attachment":[{"href":"https:\/\/grayling.com\/de\/wp-json\/wp\/v2\/media?parent=7957"}],"curies":[{"name":"wp","href":"https:\/\/api.w.org\/{rel}","templated":true}]}}