{"id":6610,"date":"2020-04-01T15:15:10","date_gmt":"2020-04-01T14:15:10","guid":{"rendered":"https:\/\/graylingglobal.wpengine.com\/ethics\/"},"modified":"2023-10-18T15:43:47","modified_gmt":"2023-10-18T14:43:47","slug":"verhaltenskodex","status":"publish","type":"page","link":"https:\/\/grayling.com\/de\/verhaltenskodex\/","title":{"rendered":"Verhaltenskodex"},"content":{"rendered":"<h2>Unsere ethischen Richtlinien<\/h2>\n<p>Bei Grayling nehmen wir unsere unternehmerische Verantwortung sehr ernst. Wir orientieren uns in all unseren Gesch\u00e4ftsbereichen weltweit an hohen moralischen und ethischen Standards. Wir betrachten es als unsere Pflicht, unsere Gesch\u00e4ftsziele stets sorgf\u00e4ltig mit unseren Grundwerten in Einklang zu bringen. Nat\u00fcrlich wollen wir als wirtschaftliches Unternehmen unser Gesch\u00e4ft ausbauen. Aber es ist uns ein gro\u00dfes Anliegen, dieses Wachstum mit einer kompromisslosen Haltung gegen\u00fcber unethischen Praktiken, Produkten, Organisationen und Regimes zu erreichen.<\/p>\n<p>Unsere Leitprinzipien gelten f\u00fcr alle Unternehmen innerhalb der Grayling-Gruppe weltweit. Im Falle einer Zusammenarbeit mit einer Partneragentur au\u00dferhalb der Gruppe gelten unsere etischen Richtlinien auch f\u00fcr unsere Partner.<\/p>\n<h3>Das globale Compliance-Team von Grayling<\/h3>\n<p>Das Compliance Team von Grayling setzt sich aus hochrangigen F\u00fchrungskr\u00e4ften aus allen Bereichen unseres Unternehmens zusammen und berichtet an unser Global Leadership Team.<br \/>\nDas Compliance Team ist f\u00fcr die die Erstellung, \u00dcberpr\u00fcfung und Umsetzung unserer ethischen Richtlinien verantwortlich. Es pr\u00fcft etwaige Beschwerden bzw. Bedenken von Mitarbeiterinnen und Mitarbeitern aus dem gesamten Netzwerk. Solche Bedenken k\u00f6nnen sich beispielsweise auf aktuelle oder k\u00fcnftige Kunden beziehen, sind aber keineswegs nur auf die Kundenarbeit beschr\u00e4nkt.<\/p>\n<h3>Kunden \u2013 Produkte und Dienstleistungen<\/h3>\n<p>Viele Unternehmen verf\u00fcgen \u00fcber ein gro\u00dfes Portfolio an Produkten und Dienstleistungen in den unterschiedlichsten Branchen. Daher ist es schwierig, eine finale Liste jener Unternehmen zu erstellen, mit denen Grayling eine Zusammenarbeit ausschlie\u00dft.<\/p>\n<p>Wir werden jedoch keinesfalls<\/p>\n<ul>\n<li>f\u00fcr das Rauchen werben oder die T\u00e4tigkeit von Tabakunternehmen unterst\u00fctzen;<\/li>\n<li>Aktivit\u00e4ten f\u00f6rdern, die in den L\u00e4ndern, in denen die Kampagnen durchgef\u00fchrt werden sollen, als illegal gelten;<\/li>\n<li>den \u00fcberm\u00e4\u00dfigen Konsum von, die Abh\u00e4ngigkeit von oder die Sucht nach: Alkohol, Lebensmitteln, nicht verschreibungspflichtigen Medikamenten, Gl\u00fccksspiel f\u00f6rdern;<\/li>\n<li>Werbung f\u00fcr Alkohol an Personen unter der gesetzlichen Altersgrenze, die in jedem Gebiet \/ Land \/ Staat festgelegt ist<\/li>\n<li>eine Organisation unterst\u00fctzen, die aktiv Waffen an Regierungen oder andere Parteien verkauft, in denen ein milit\u00e4rischer oder ziviler Konflikt herrscht, der gegen UN-Resolutionen und\/oder Sanktionen verst\u00f6\u00dft.<\/li>\n<\/ul>\n<p>Wir beurteilen jeden potenziellen Neukunden individuell und akzeptieren keine Vertr\u00e4ge oder Honorare von Unternehmen, die offensichtlich Leistungen in einem der oben angef\u00fchrten Bereiche erwartet. Im Zweifelsfall erfolgt eine Pr\u00fcfung und Entscheidung durch unser globales Compliance Team.<\/p>\n<h3>Kunden \u2013 Arbeitsrechtliche Standards<\/h3>\n<p>Wir verfolgen eine Null-Toleranz-Politik gegen\u00fcber jedem Unternehmen, das Arbeitspraktiken duldet, unterst\u00fctzt oder anwendet, die zu einer Verletzung von individuellen Menschen- und Arbeitsrechten f\u00fchren. Wir arbeiten nur mit Unternehmen zusammen, die nachweisen k\u00f6nnen, dass sie alle nationalen und internationalen Arbeitsgesetze \u2013 einschlie\u00dflich des britischen Gesetzes zu Moderner Sklaverei und Menschenhandel (2015 ) \u2013 vollst\u00e4ndig einhalten. Wenn ein (potenzieller) Kunde in einer Branche oder einer Region der Welt t\u00e4tig ist, die mit Sklaverei oder Zwangsarbeit in Verbindung gebracht wird, \u00fcberpr\u00fcfen wir, welche Schritte das Unternehmen gegen etwaige Verletzungen der Menschen- oder Arbeitsrechte innerhalb seiner eigenen Lieferketten unternimmt.<\/p>\n<p>Unser Ziel ist es, ein H\u00f6chstma\u00df an Transparenz in unseren Kundenbeziehungen zu gew\u00e4hrleisten. So kommen wir auch nicht Aufforderungen unserer Kunden nach, die zum Ziel haben, die Wahrheit \u00fcber ihre Gesch\u00e4ftsaktivit\u00e4ten und -praktiken zu verf\u00e4lschen.<\/p>\n<h3>Kunden aus den Bereichen Politik und \u00f6ffentlicher Sektor<\/h3>\n<p>Grayling wird nicht f\u00fcr Regierungen von L\u00e4ndern arbeiten, die nicht Mitglied der UN, der EU, der NATO oder des British Commonwealth sind.<\/p>\n<ul>\n<li>Wir werden nicht mit Regierungen von L\u00e4ndern zusammenarbeiten, gegen die durch eine Resolution der Vereinten Nationen oder des britischen Commonwealth Sanktionen verh\u00e4ngt wurden oder die keine normalen diplomatischen Beziehungen zur internationalen Gemeinschaft unterhalten.<\/li>\n<li>Wir f\u00fchren keine proaktiven PR-Kampagnen im Namen politischer Parteien oder einzelner Kandidaten durch, aber von Zeit zu Zeit veranstalten wir Medientrainings, bei denen wir weder Einfluss auf Inhalte oder Kampagnen nehmen noch diese beraten. Diese Politik gilt f\u00fcr alle Regierungen bzw. Staatsoberh\u00e4upter souver\u00e4ner L\u00e4nder. Sie gilt auch f\u00fcr Organisationen, die zu 100 % von souver\u00e4nen Staaten finanziert werden.<\/li>\n<li>Wenn L\u00e4nder oder Regierungen alle oben genannten Kriterien erf\u00fcllen, aber dennoch Bedenken hinsichtlich der Menschenrechtslage oder der b\u00fcrgerlichen Freiheiten bestehen, leiten wir die Angelegenheit zur Pr\u00fcfung und Entscheidung an die Grayling Global Ethical Policy Group weiter.<\/li>\n<\/ul>\n<p>Wenn ein potenzieller Kunde aus dem \u00f6ffentlichen Sektor alle oben genannten Kriterien erf\u00fcllt, \u00fcbernehmen wir Auftr\u00e4ge in folgenden Bereichen:<\/p>\n<ul class=\"two-columns\">\n<li>Tourismus<\/li>\n<li>Auslandsinvestitionen<\/li>\n<li>Staatsfonds<\/li>\n<li>Privatisierung<\/li>\n<li>Gesundheit und Wohlbefinden<\/li>\n<li>Bildung<\/li>\n<li>Umwelt- und Klimaschutz<\/li>\n<li>Kultur<\/li>\n<\/ul>\n<p>Grayling und seine Muttergesellschaft, Huntsworth, haben ihren Hauptsitz im Vereinigten K\u00f6nigreich und sind dort registriert. Wir pflegen eine enge Zusammenarbeit mit dem britischen Amt f\u00fcr ausw\u00e4rtige Angelegenheiten und dem Commonwealth. Bevor wir Auftr\u00e4ge annehmen, die ein Land oder eine Regierung direkt oder indirekt unterst\u00fctzen, lassen wir uns von diesen beraten. Andere internationale Sicherheits- und Rating-Agenturen k\u00f6nnen ebenfalls f\u00fcr Risikoanalysen und Empfehlungen konsultiert werden.<\/p>\n<h3>Umwelt- und Nachhaltigkeitsstandards von Grayling<\/h3>\n<p>Wir verf\u00fcgen \u00fcber umfassende Erfahrung in der Kommunikation von Umwelt- und Nachhaltigkeitsprojekten \u2013 weltweit. Unsere Expertinnen und Experten bringen viel pers\u00f6nliches Know-how und Erfahrung in Sachen Nachhaltigkeit mit. Dieses kombinierte Wissen bildet die Grundlage f\u00fcr unsere eigenen Nachhaltigkeitsrichtlinien, die in unserem gesamten Netzwerk umgesetzt werden.<\/p>\n<p>Zu unseren Grundprinzipien geh\u00f6ren unter anderem folgende Zielsetzungen:<\/p>\n<ul>\n<li>Abfallvermeidung durch solide Beschaffungs- und Wiederverwendungsstrategien<\/li>\n<li>Reduzierter Energieverbrauch, wo und wann immer m\u00f6glich<\/li>\n<li>Verhinderung von Umweltverschmutzung und Erhalt nat\u00fcrlicher Ressourcen, wo und wann immer m\u00f6glich<\/li>\n<li>Einhaltung der gesetzlichen Umweltschutz-Bestimmungen in jedem Land, in dem wir t\u00e4tig sind.<\/li>\n<\/ul>\n<p>Wir nehmen keinen Auftrag und keine Honorare von Organisationen an, von denen wir wissen, dass sie wissentlich\/vors\u00e4tzlich gegen eine geltende Umweltgesetzgebung versto\u00dfen.<\/p>\n<h3><strong>Schutz von Arbeitnehmerinnen und Arbeitnehmern bei Grayling<\/strong><\/h3>\n<p>Unsere Mitarbeiterinnen und Mitarbeiter sind unser gr\u00f6\u00dftes Asset. Wir glauben, dass es in unserer Verantwortung liegt, ihnen ein anregendes und wertsch\u00e4tzendes Umfeld zu bieten. Ein Umfeld, in dem jede(r) Einzelne arbeiten und lernen kann. Diese Richtlinie wird durch weitere l\u00e4nderspezifische Richtlinien in den Bereichen Chancengleichheit, diskriminierendes Verhalten, Dienstvertr\u00e4ge, Gesundheit und Sicherheit erg\u00e4nzt.<\/p>\n<ul>\n<li>Wir unterst\u00fctzen und befolgen alle Punkte der Allgemeinen Erkl\u00e4rung der Menschenrechte.<\/li>\n<li>Wir unterst\u00fctzen und befolgen alle Richtlinien, die in den grundlegenden Konventionen der Internationalen Arbeitsorganisation IAO festgelegt sind.<\/li>\n<li>Wir unterst\u00fctzen und erf\u00fcllen alle Bestimmungen des britischen Gesetzes \u00fcber Moderne Sklaverei und Menschenhandel (2015).<\/li>\n<li>Wir erwarten von unseren Kunden, Lieferanten und Partnern, dass sie in \u00dcbereinstimmung mit allen Aspekten unserer ethischen Grundwerte handeln. Wir werden die Zusammenarbeit mit Partnern oder Lieferanten einstellen, sobald einzeln Aspekt dieser Richtlinie nicht erf\u00fcllt werden.<\/li>\n<li>Bei der Zusammenarbeit mit Lieferanten und Subunternehmern betr\u00e4gt unsere Standard-Zahlungsfrist 60 Tage (verhandelbar).<\/li>\n<\/ul>\n<h3><strong>Unsere Richtlinien in der Kommunikationsberatung<\/strong><\/h3>\n<p>Grayling hat sich zur ethischen Kommunikation verpflichtet und bietet seinen Kunden h\u00f6chste professionelle Standards auf der Grundlage von Transparenz und bew\u00e4hrten Verfahren. Folglich beteiligen wir uns nicht an einer der folgenden Praktiken:<\/p>\n<ul>\n<li>\u201eAstroturfing&#8220;: die k\u00fcnstliche Schaffung von Grassroot-Begeisterung f\u00fcr ein Produkt, eine Dienstleistung oder einen politischen Standpunkt. Dazu geh\u00f6rt die Einf\u00fchrung von automatisiertem Astroturfing, z.B. Online-Zombie-Dienste, um Zuspruch in Social Media k\u00fcnstlich zu erh\u00f6hen, Spam-Inhalte zu generieren oder die Zahl der Seitenaufrufe, Videoaufrufe, Klicks usw. zu steigern.<\/li>\n<li>Die Nutzung von Social Media f\u00fcr verdeckte Marketing- oder PR-Zwecke: Wenn eine Mitarbeiterin, ein Mitarbeiter oder ein freier Auftragnehmer aus pers\u00f6nlichem Interesse in sozialen Medien etwas Kunden-bezogenes diskutiert oder bewirbt, muss sie\/er stets den eigenen Namen verwenden und deutlich darauf hinweisen (Offenlegung: Ich arbeite f\u00fcr die Marke xy). In einem Mikroblog wie X (Twitter) geschieht dies in der Regel mittels eines Hashtags (#GraylingKunde) oder (#Kunde), wenn der Platz begrenzt ist.<\/li>\n<li>Zahlungen an Medienvertreterinnen und -vertreter f\u00fcr Berichterstattung ohne vollst\u00e4ndige Offenlegung (z.B. Kennzeichnung als Advertorial oder gesponsert). Dies gilt auch f\u00fcr den Bereich Influencer Relations.<\/li>\n<li>Alle anderen Praktiken, die als gesetzwidrig erachtet werden und\/oder nicht mit den Ehrenkodizes internationaler oder nationaler Branchenverb\u00e4nde (z.B. ICCO, DPRG, PRVA) vereinbar sind.<\/li>\n<\/ul>\n","protected":false},"excerpt":{"rendered":"Unsere ethischen Richtlinien Bei Grayling nehmen wir unsere unternehmerische Verantwortung sehr ernst. Wir orientieren uns in all unseren Gesch\u00e4ftsbereichen weltweit an hohen moralischen und ethischen Standards. Wir betrachten es als unsere Pflicht, unsere Gesch\u00e4ftsziele stets sorgf\u00e4ltig mit unseren Grundwerten in Einklang zu bringen. Nat\u00fcrlich wollen wir als wirtschaftliches Unternehmen unser Gesch\u00e4ft ausbauen. Aber es ist&#8230;","protected":false},"author":5,"featured_media":0,"parent":0,"menu_order":60,"comment_status":"closed","ping_status":"closed","template":"","meta":{"footnotes":""},"class_list":["post-6610","page","type-page","status-publish","hentry"],"acf":[],"yoast_head":"<!-- This site is optimized with the Yoast SEO plugin v26.9 - https:\/\/yoast.com\/product\/yoast-seo-wordpress\/ -->\n<title>Verhaltenskodex | Grayling<\/title>\n<meta name=\"description\" content=\"Wir nehmen wir unsere unternehmerische Verantwortung sehr ernst und orientieren uns in allen Gesch\u00e4ftsbereichen an hohen ethischen Standards.\" \/>\n<meta name=\"robots\" content=\"index, follow, max-snippet:-1, max-image-preview:large, max-video-preview:-1\" \/>\n<link rel=\"canonical\" href=\"https:\/\/grayling.com\/de\/verhaltenskodex\/\" \/>\n<meta property=\"og:locale\" content=\"de_DE\" \/>\n<meta property=\"og:type\" content=\"article\" \/>\n<meta property=\"og:title\" content=\"Verhaltenskodex | Grayling\" \/>\n<meta property=\"og:description\" content=\"Wir nehmen wir unsere unternehmerische Verantwortung sehr ernst und orientieren uns in allen Gesch\u00e4ftsbereichen an hohen ethischen Standards.\" \/>\n<meta property=\"og:url\" content=\"https:\/\/grayling.com\/de\/verhaltenskodex\/\" \/>\n<meta property=\"og:site_name\" content=\"Grayling\" \/>\n<meta property=\"article:modified_time\" content=\"2023-10-18T14:43:47+00:00\" \/>\n<meta name=\"twitter:card\" content=\"summary_large_image\" \/>\n<meta name=\"twitter:label1\" content=\"Gesch\u00e4tzte Lesezeit\" \/>\n\t<meta name=\"twitter:data1\" content=\"6 Minuten\" \/>\n<script type=\"application\/ld+json\" class=\"yoast-schema-graph\">{\"@context\":\"https:\/\/schema.org\",\"@graph\":[{\"@type\":\"WebPage\",\"@id\":\"https:\/\/grayling.com\/de\/verhaltenskodex\/\",\"url\":\"https:\/\/grayling.com\/de\/verhaltenskodex\/\",\"name\":\"Verhaltenskodex | Grayling\",\"isPartOf\":{\"@id\":\"https:\/\/grayling.com\/de\/#website\"},\"datePublished\":\"2020-04-01T14:15:10+00:00\",\"dateModified\":\"2023-10-18T14:43:47+00:00\",\"description\":\"Wir nehmen wir unsere unternehmerische Verantwortung sehr ernst und orientieren uns in allen Gesch\u00e4ftsbereichen an hohen ethischen Standards.\",\"breadcrumb\":{\"@id\":\"https:\/\/grayling.com\/de\/verhaltenskodex\/#breadcrumb\"},\"inLanguage\":\"de-DE\",\"potentialAction\":[{\"@type\":\"ReadAction\",\"target\":[\"https:\/\/grayling.com\/de\/verhaltenskodex\/\"]}]},{\"@type\":\"BreadcrumbList\",\"@id\":\"https:\/\/grayling.com\/de\/verhaltenskodex\/#breadcrumb\",\"itemListElement\":[{\"@type\":\"ListItem\",\"position\":1,\"name\":\"Home\",\"item\":\"https:\/\/grayling.com\/de\/\"},{\"@type\":\"ListItem\",\"position\":2,\"name\":\"Verhaltenskodex\"}]},{\"@type\":\"WebSite\",\"@id\":\"https:\/\/grayling.com\/de\/#website\",\"url\":\"https:\/\/grayling.com\/de\/\",\"name\":\"Grayling\",\"description\":\"We create advantage\",\"publisher\":{\"@id\":\"https:\/\/grayling.com\/de\/#organization\"},\"potentialAction\":[{\"@type\":\"SearchAction\",\"target\":{\"@type\":\"EntryPoint\",\"urlTemplate\":\"https:\/\/grayling.com\/de\/?s={search_term_string}\"},\"query-input\":{\"@type\":\"PropertyValueSpecification\",\"valueRequired\":true,\"valueName\":\"search_term_string\"}}],\"inLanguage\":\"de-DE\"},{\"@type\":\"Organization\",\"@id\":\"https:\/\/grayling.com\/de\/#organization\",\"name\":\"Grayling\",\"url\":\"https:\/\/grayling.com\/de\/\",\"logo\":{\"@type\":\"ImageObject\",\"inLanguage\":\"de-DE\",\"@id\":\"https:\/\/grayling.com\/de\/#\/schema\/logo\/image\/\",\"url\":\"https:\/\/grayling.com\/wp-content\/uploads\/2020\/08\/logo.jpg\",\"contentUrl\":\"https:\/\/grayling.com\/wp-content\/uploads\/2020\/08\/logo.jpg\",\"width\":2009,\"height\":510,\"caption\":\"Grayling\"},\"image\":{\"@id\":\"https:\/\/grayling.com\/de\/#\/schema\/logo\/image\/\"}}]}<\/script>\n<!-- \/ Yoast SEO plugin. -->","yoast_head_json":{"title":"Verhaltenskodex | Grayling","description":"Wir nehmen wir unsere unternehmerische Verantwortung sehr ernst und orientieren uns in allen Gesch\u00e4ftsbereichen an hohen ethischen Standards.","robots":{"index":"index","follow":"follow","max-snippet":"max-snippet:-1","max-image-preview":"max-image-preview:large","max-video-preview":"max-video-preview:-1"},"canonical":"https:\/\/grayling.com\/de\/verhaltenskodex\/","og_locale":"de_DE","og_type":"article","og_title":"Verhaltenskodex | Grayling","og_description":"Wir nehmen wir unsere unternehmerische Verantwortung sehr ernst und orientieren uns in allen Gesch\u00e4ftsbereichen an hohen ethischen Standards.","og_url":"https:\/\/grayling.com\/de\/verhaltenskodex\/","og_site_name":"Grayling","article_modified_time":"2023-10-18T14:43:47+00:00","twitter_card":"summary_large_image","twitter_misc":{"Gesch\u00e4tzte Lesezeit":"6 Minuten"},"schema":{"@context":"https:\/\/schema.org","@graph":[{"@type":"WebPage","@id":"https:\/\/grayling.com\/de\/verhaltenskodex\/","url":"https:\/\/grayling.com\/de\/verhaltenskodex\/","name":"Verhaltenskodex | Grayling","isPartOf":{"@id":"https:\/\/grayling.com\/de\/#website"},"datePublished":"2020-04-01T14:15:10+00:00","dateModified":"2023-10-18T14:43:47+00:00","description":"Wir nehmen wir unsere unternehmerische Verantwortung sehr ernst und orientieren uns in allen Gesch\u00e4ftsbereichen an hohen ethischen Standards.","breadcrumb":{"@id":"https:\/\/grayling.com\/de\/verhaltenskodex\/#breadcrumb"},"inLanguage":"de-DE","potentialAction":[{"@type":"ReadAction","target":["https:\/\/grayling.com\/de\/verhaltenskodex\/"]}]},{"@type":"BreadcrumbList","@id":"https:\/\/grayling.com\/de\/verhaltenskodex\/#breadcrumb","itemListElement":[{"@type":"ListItem","position":1,"name":"Home","item":"https:\/\/grayling.com\/de\/"},{"@type":"ListItem","position":2,"name":"Verhaltenskodex"}]},{"@type":"WebSite","@id":"https:\/\/grayling.com\/de\/#website","url":"https:\/\/grayling.com\/de\/","name":"Grayling","description":"We create advantage","publisher":{"@id":"https:\/\/grayling.com\/de\/#organization"},"potentialAction":[{"@type":"SearchAction","target":{"@type":"EntryPoint","urlTemplate":"https:\/\/grayling.com\/de\/?s={search_term_string}"},"query-input":{"@type":"PropertyValueSpecification","valueRequired":true,"valueName":"search_term_string"}}],"inLanguage":"de-DE"},{"@type":"Organization","@id":"https:\/\/grayling.com\/de\/#organization","name":"Grayling","url":"https:\/\/grayling.com\/de\/","logo":{"@type":"ImageObject","inLanguage":"de-DE","@id":"https:\/\/grayling.com\/de\/#\/schema\/logo\/image\/","url":"https:\/\/grayling.com\/wp-content\/uploads\/2020\/08\/logo.jpg","contentUrl":"https:\/\/grayling.com\/wp-content\/uploads\/2020\/08\/logo.jpg","width":2009,"height":510,"caption":"Grayling"},"image":{"@id":"https:\/\/grayling.com\/de\/#\/schema\/logo\/image\/"}}]}},"_links":{"self":[{"href":"https:\/\/grayling.com\/de\/wp-json\/wp\/v2\/pages\/6610","targetHints":{"allow":["GET"]}}],"collection":[{"href":"https:\/\/grayling.com\/de\/wp-json\/wp\/v2\/pages"}],"about":[{"href":"https:\/\/grayling.com\/de\/wp-json\/wp\/v2\/types\/page"}],"author":[{"embeddable":true,"href":"https:\/\/grayling.com\/de\/wp-json\/wp\/v2\/users\/5"}],"replies":[{"embeddable":true,"href":"https:\/\/grayling.com\/de\/wp-json\/wp\/v2\/comments?post=6610"}],"version-history":[{"count":0,"href":"https:\/\/grayling.com\/de\/wp-json\/wp\/v2\/pages\/6610\/revisions"}],"wp:attachment":[{"href":"https:\/\/grayling.com\/de\/wp-json\/wp\/v2\/media?parent=6610"}],"curies":[{"name":"wp","href":"https:\/\/api.w.org\/{rel}","templated":true}]}}