{"id":1420,"date":"2020-04-01T14:22:33","date_gmt":"2020-04-01T13:22:33","guid":{"rendered":"https:\/\/grayling-website.azurewebsites.net\/?page_id=1420"},"modified":"2023-08-09T10:11:50","modified_gmt":"2023-08-09T09:11:50","slug":"polityka-prywatnosci","status":"publish","type":"page","link":"https:\/\/grayling.com\/de\/polityka-prywatnosci\/","title":{"rendered":"Polityka prywatno\u015bci"},"content":{"rendered":"<h2>1. Wprowadzenie<\/h2>\n<p>Grayling Communications Ltd nale\u017cy do grupy Huntsworth plc (zwan\u0105 dalej Grup\u0105 Huntsworth). W niniejszej Polityce prywatno\u015bci opisano, w jaki spos\u00f3b korzystamy z danych osobowych u\u017cytkownik\u00f3w (okre\u015blanych r\u00f3wnie\u017c jako \u201einformacje\u201d). Opisali\u015bmy w niej:<\/p>\n<p>jakie informacje o u\u017cytkownikach zbieramy,<br \/>\nw jaki spos\u00f3b wykorzystujemy informacje o u\u017cytkownikach,<br \/>\nkomu udost\u0119pniamy informacje o u\u017cytkownikach,<br \/>\njakie prawa przys\u0142uguj\u0105 u\u017cytkownikom w zwi\u0105zku z wykorzystaniem przez nas ich danych osobowych,<br \/>\njak d\u0142ugo przechowujemy informacje o u\u017cytkownikach,<br \/>\njak mo\u017cna si\u0119 z nami skontaktowa\u0107.<\/p>\n<h3>2. Jakie informacje o u\u017cytkownikach zbieramy?<\/h3>\n<p>Zbieramy informacje o u\u017cytkownikach:<\/p>\n<p>po rejestracji przez u\u017cytkownika w celu przes\u0142ania zapytania o ofert\u0119 pracy,<br \/>\nw przypadku przes\u0142ania zapytania o nasze us\u0142ugi,<br \/>\nw przypadku dobrowolnego wype\u0142nienia ankiety dla klient\u00f3w, przes\u0142ania opinii lub uczestnictwa w konkursie lub wyra\u017cenia zgody na wpisanie na list\u0119 odbiorc\u00f3w komunikacji przesy\u0142anej naszym klientom,<br \/>\nwykorzystuj\u0105c pliki cookie do zbierania informacji o sposobie korzystania z naszej strony internetowej. Wi\u0119cej informacji o sposobie wykorzystania plik\u00f3w cookie dost\u0119pnych jest w naszej polityce plik\u00f3w cookie pod adresem: http:\/\/www.huntsworth.com\/cookie-policy\/;* oraz https:\/\/grayling.com\/global\/en\/cookie-policy,<br \/>\ngdy korzystamy z us\u0142ug dostawc\u00f3w zewn\u0119trznych (np. z narz\u0119dzia Google Analytics), aby zbiera\u0107 informacje o sposobie korzystania z naszej strony internetowej przez osoby odwiedzaj\u0105ce j\u0105, mi\u0119dzy innymi o kraju, z kt\u00f3rego loguje si\u0119 dana osoba, o odwiedzonych podstronach i o czasie sp\u0119dzonym na stronie internetowej.<\/p>\n<h3>3. W jaki spos\u00f3b wykorzystujemy informacje o u\u017cytkownikach?<\/h3>\n<p>Wykorzystujemy informacje o u\u017cytkownikach w nast\u0119puj\u0105cy spos\u00f3b:<\/p>\n<p>do obs\u0142ugi zapyta\u0144 o informacje o naszej sp\u00f3\u0142ce oraz, w wypadku wyra\u017cenia zgody, do przesy\u0142ania wiadomo\u015bci e-mail, informuj\u0105cych o innych us\u0142ugach, kt\u00f3re mog\u0105 zainteresowa\u0107 u\u017cytkownika,<br \/>\nw przypadku przes\u0142ania zapytania o ofert\u0119 pracy, przeka\u017cemy dane u\u017cytkownika w\u0142a\u015bciwemu podmiotowi z Grupy Huntsworth,<br \/>\nw przypadku przes\u0142ania zapytania o us\u0142ugi, przeka\u017cemy dane u\u017cytkownika w\u0142a\u015bciwemu podmiotowi z Grupy Huntsworth, aby zapewni\u0107 w\u0142a\u015bciw\u0105 obs\u0142ug\u0119 przes\u0142anego zapytania,<br \/>\nprzesy\u0142amy wiadomo\u015bci e-mail zwieraj\u0105ce informacje o towarach i us\u0142ugach podobnych do wcze\u015bniej zakupionych, kt\u00f3rymi u\u017cytkownik mo\u017ce by\u0107 zainteresowany,<br \/>\nzawieramy umow\u0119 z u\u017cytkownikiem i wykonujemy jej postanowienia, lub podejmujemy dzia\u0142ania, kt\u00f3re s\u0105 niezb\u0119dne, aby u\u017cytkownik m\u00f3g\u0142 zawrze\u0107 z nami umow\u0119. Je\u017celi u\u017cytkownik nie przeka\u017ce nam informacji niezb\u0119dnych do zawarcia z nim umowy, nie b\u0119dziemy mogli zawrze\u0107 umowy, ani \u015bwiadczy\u0107 us\u0142ug na rzecz u\u017cytkownika.<\/p>\n<p>Podstawy przetwarzania danych osobowych u\u017cytkownik\u00f3w (zale\u017cnie od przypadku):<\/p>\n<p>zawarcie umowy z u\u017cytkownikiem i wykonanie jej postanowie\u0144, lub podj\u0119cie dzia\u0142a\u0144, kt\u00f3re s\u0105 niezb\u0119dne, aby u\u017cytkownik m\u00f3g\u0142 zawrze\u0107 z nami umow\u0119,<br \/>\nrealizacja naszych uzasadnionych interes\u00f3w biznesowych w zakresie reklamowania i \u015bwiadczenia us\u0142ug\/dostarczania towar\u00f3w,<br \/>\nuzyskanie zgody u\u017cytkownika na wykorzystanie danych, kt\u00f3r\u0105 u\u017cytkownik mo\u017ce wycofa\u0107 w dowolnym momencie,<br \/>\nspe\u0142nienie obowi\u0105zk\u00f3w wynikaj\u0105cych z obowi\u0105zuj\u0105cego prawa oraz ustanowienie, wykonywanie oraz ochrona przys\u0142uguj\u0105cych nam praw,<br \/>\npozosta\u0142e okoliczno\u015bci, za zgod\u0105 u\u017cytkownika.<\/p>\n<h3>4. Komu udost\u0119pniamy informacje o u\u017cytkownikach?<\/h3>\n<p>Dane osobowe udost\u0119pniamy nast\u0119puj\u0105cym osobom trzecim:<\/p>\n<p>podmiotom przetwarzaj\u0105cym dane, kt\u00f3rzy s\u0105 naszymi dostawcami \u015bwiadcz\u0105cymi us\u0142ugi na nasz\u0105 rzecz.<br \/>\nJe\u017celi u\u017cytkownik stanie si\u0119 naszym pracownikiem lub niezale\u017cnym dostawc\u0105 us\u0142ug, jego dane zostan\u0105 przekazane naszym partnerom \u015bwiadcz\u0105cym us\u0142ugi zwi\u0105zane z p\u0142acami, opiek\u0105 zdrowotn\u0105 oraz p\u0142atno\u015bciami za faktury i b\u0119d\u0105 przez nich przechowywane. Dane osobowe s\u0105 przetwarzane wy\u0142\u0105cznie w zakresie niezb\u0119dnym do realizacji zawartej umowy,<br \/>\ninnym sp\u00f3\u0142kom z Grupy Huntsworth, wymienionym w za\u0142\u0105czniku do \u015br\u00f3drocznego lub rocznego sprawozdania finansowego Huntsworth plc, dost\u0119pnego nas stronie:\u00a0<a href=\"http:\/\/www.huntsworth.com\/investor-relations\/\">http:\/\/www.huntsworth.com\/investor-relations\/<\/a>,<br \/>\nosobom zaanga\u017cowanym w sprzeda\u017c, fuzje, przej\u0119cia, zbycia, reorganizacj\u0119 oraz inne tego typu zmiany w naszym przedsi\u0119biorstwie (lub w przedsi\u0119biorstwie innego podmiotu z Grupy Huntsworth, w tym r\u00f3wnie\u017c jego ewentualnego lub faktycznego nabywcy oraz doradcy tego nabywcy),<br \/>\nmiejscowym i zagranicznym regulatorom rynk\u00f3w, przedstawicielom wymiaru sprawiedliwo\u015bci, doradcom, s\u0105dom, trybuna\u0142om i arbitrom,<br \/>\ninnym osobom trzecim, za zgod\u0105 u\u017cytkownika.<\/p>\n<p>Niekt\u00f3re z wy\u017cej wymienionych podmiot\u00f3w maj\u0105 siedziby poza Europejskim Obszarem Gospodarczym (EOG), mi\u0119dzy innymi w Stanach Zjednoczonych, Chinach, Hong Kongu, Singapurze, Zjednoczonych Emiratach Arabskich, Katarze, Kenii i Rosji.<\/p>\n<p>W przypadku przekazania danych poza EOG, podejmiemy stosowne kroki w celu ochrony tych informacji, mi\u0119dzy innymi: (i) zawrzemy stosown\u0105 umow\u0119 z dan\u0105 osob\u0105 trzeci\u0105, w kt\u00f3rej umie\u015bcimy odpowiednie klauzule, uznane przez Komisj\u0119 Europejsk\u0105 za zapewniaj\u0105ce wystarczaj\u0105c\u0105 ochron\u0119, kt\u00f3rych wz\u00f3r udost\u0119pniono na stronie\u00a0<a href=\"https:\/\/ec.europa.eu\/info\/law\/law-topic\/data-protection\/data-transfers-outside-eu\/model-contracts-transfer-personal-data-third-countries_en\">https:\/\/ec.europa.eu\/info\/law\/law-topic\/data-protection\/data-transfers-outside-eu\/model-contracts-transfer-personal-data-third-countries_en<\/a>; lub (ii) zapewnimy w inny spos\u00f3b, \u017ce dane zostan\u0105 przekazane do jurysdykcji, kt\u00f3re wed\u0142ug Komisji Europejskiej oferuj\u0105 odpowiedni\u0105 ochron\u0119 danych osobowych.<\/p>\n<h3>5. Jakie prawa przys\u0142uguj\u0105 u\u017cytkownikom w zwi\u0105zku z wykorzystaniem przez nas ich danych osobowych?<\/h3>\n<p>Zgodnie z prawem dotycz\u0105cym ochrony danych osobowych u\u017cytkownikowi przys\u0142uguj\u0105 nast\u0119puj\u0105ce prawa w zakresie przetwarzania jego danych osobowych:<\/p>\n<p>dost\u0119p do danych osobowych, za po\u015brednictwem poczty elektronicznej:\u00a0<a href=\"mailto:compliance@huntsworth.com\">compliance@huntsworth.com<\/a>,<br \/>\nzmiana i korekta danych, je\u017celi s\u0105 b\u0142\u0119dne lub niekompletne,<br \/>\nsprzeciw wynikaj\u0105cy ze szczeg\u00f3lnej sytuacji u\u017cytkownika wobec wykorzystania danych osobowych w okre\u015blony spos\u00f3b, w tym na potrzeby marketingu bezpo\u015bredniego oraz przetwarzania z uzasadnionych powod\u00f3w biznesowych, do cel\u00f3w naukowych lub analiz historycznych i do cel\u00f3w statystycznych,<br \/>\n\u017c\u0105danie usuni\u0119cia danych lub ograniczenia ich wykorzystania w okre\u015blonych przypadkach (np. za wyj\u0105tkiem sytuacji okre\u015blonych w obowi\u0105zuj\u0105cym prawie, u\u017cytkownik mo\u017ce za\u017c\u0105da\u0107 usuni\u0119cia wszystkich informacji, kt\u00f3re go dotycz\u0105, je\u017celi nie s\u0105 ju\u017c potrzebne do celu, w jakim zosta\u0142y zebrane),<br \/>\nwycofanie udzielonych zg\u00f3d, dotycz\u0105cych wykorzystania przez nas danych osobowych u\u017cytkownika,<br \/>\n\u017c\u0105danie przekazania kopii przekazanych danych, do wykorzystania we w\u0142asnym celu (zwane prawem do przenoszenia danych),<br \/>\nsk\u0142adanie reklamacji do organu zajmuj\u0105cego si\u0119 kwestiami ochrony danych osobowych w jurysdykcji u\u017cytkownika.<\/p>\n<p>Je\u017celi u\u017cytkownik dokona\u0142 rejestracji lub wyrazi\u0142 zgod\u0119 na wpisanie na list\u0119 kontaktow\u0105, aby otrzymywa\u0107 od nas informacje, mo\u017ce za\u017c\u0105da\u0107 usuni\u0119cia z niej poprzez klikni\u0119cie na odno\u015bnik w przesy\u0142anych wiadomo\u015bciach elektronicznych lub poprzez przes\u0142anie wiadomo\u015bci e-mail na adres\u00a0<a href=\"mailto:compliance@huntsworth.com\">compliance@huntsworth.com<\/a>.<\/p>\n<p>W przypadku pyta\u0144 o przys\u0142uguj\u0105ce prawa lub chc\u0105c skorzysta\u0107 z nich prosimy o kontakt poprzez przes\u0142anie zg\u0142oszenia na adres\u00a0<a href=\"mailto:compliance@huntsworth.com\">compliance@huntsworth.com<\/a>\u00a0\u2013 wi\u0119cej informacji o sposobach kontaktu z nami przedstawili\u015bmy w pkt. 7 poni\u017cej.<\/p>\n<h3>6. Jak d\u0142ugo przechowujemy informacje o u\u017cytkownikach?<\/h3>\n<p>Dane osobowe u\u017cytkownik\u00f3w i niezale\u017cnych dostawc\u00f3w us\u0142ug b\u0119d\u0105 przechowywanie nie d\u0142u\u017cej, ni\u017c b\u0119dzie to niezb\u0119dne. Czas przechowywania danych zostanie ustalony z uwzgl\u0119dnieniem obowi\u0105zuj\u0105cych w danej jurysdykcji przepis\u00f3w dotycz\u0105cych przedawnienia.<\/p>\n<p>Zgodnie z nasz\u0105 polityk\u0105, niszczymy podania w ci\u0105gu 1 (jednego) roku od ich wp\u0142ywu, je\u017celi proces rekrutacji nie zako\u0144czy\u0142 si\u0119 propozycj\u0105 zatrudnienia. W przypadku zaanga\u017cowania do \u201ewykonania zlecenia\u201d, do niekt\u00f3rych przekazanych nam danych zastosowanie mog\u0105 mie\u0107 przepisy okre\u015blaj\u0105ce czas ich przechowywania.<\/p>\n<p>Wszelkie inne informacje uzyskane zgodnie z pkt. 2 powy\u017cej, b\u0119d\u0105 przechowywanie nie d\u0142u\u017cej, ni\u017c b\u0119dzie to niezb\u0119dne. Czas przechowywania danych zostanie ustalony z uwzgl\u0119dnieniem obowi\u0105zuj\u0105cych w danej jurysdykcji przepis\u00f3w dotycz\u0105cych przedawnienia, lub zgodnie z ustaleniami z u\u017cytkownikiem.<\/p>\n<p>B\u0119dziemy aktualizowa\u0107 nasz\u0105 polityk\u0119 przechowywania danych, aby zapewni\u0107, \u017ce dane u\u017cytkownik\u00f3w nie s\u0105 przechowywane d\u0142u\u017cej, ni\u017c jest to konieczne.<\/p>\n<h3>7. Jak mo\u017cna si\u0119 z nami skontaktowa\u0107?<\/h3>\n<p>W przypadku pyta\u0144 dotycz\u0105cych niniejszej Polityki prywatno\u015bci lub przechowywanych danych u\u017cytkownika, prosimy o kontakt:<\/p>\n<p>przez e-mail: compliance@huntsworth.com<br \/>\npoczt\u0105 tradycyjn\u0105: Company Secretary, Huntsworth plc, 8th floor Holborn Gate, 26 Southampton Buildings, Londyn, WC2A 1AN<\/p>\n<p>Zapytania z pa\u0144stw poza Uni\u0105 Europejsk\u0105 r\u00f3wnie\u017c mog\u0105 by\u0107 kierowane do nas przez e-mail lub poczt\u0105 tradycyjn\u0105.<\/p>\n<h3>8. Zmiany w Polityce prywatno\u015bci<\/h3>\n<p>Regularnie aktualizujemy tre\u015b\u0107 Polityki prywatno\u015bci, a informacje o zmianach zamieszczamy na tej stronie internetowej.<\/p>\n<p>Niniejsza Polityka prywatno\u015bci zosta\u0142a zaktualizowana 3 maja 2018 r.<\/p>\n","protected":false},"excerpt":{"rendered":"1. Wprowadzenie Grayling Communications Ltd nale\u017cy do grupy Huntsworth plc (zwan\u0105 dalej Grup\u0105 Huntsworth). W niniejszej Polityce prywatno\u015bci opisano, w jaki spos\u00f3b korzystamy z danych osobowych u\u017cytkownik\u00f3w (okre\u015blanych r\u00f3wnie\u017c jako \u201einformacje\u201d). Opisali\u015bmy w niej: jakie informacje o u\u017cytkownikach zbieramy, w jaki spos\u00f3b wykorzystujemy informacje o u\u017cytkownikach, komu udost\u0119pniamy informacje o u\u017cytkownikach, jakie prawa przys\u0142uguj\u0105 u\u017cytkownikom&#8230;","protected":false},"author":5,"featured_media":0,"parent":0,"menu_order":74,"comment_status":"closed","ping_status":"closed","template":"","meta":{"footnotes":""},"class_list":["post-1420","page","type-page","status-publish","hentry"],"acf":[],"yoast_head":"<!-- This site is optimized with the Yoast SEO plugin v26.9 - https:\/\/yoast.com\/product\/yoast-seo-wordpress\/ -->\n<title>Polityka prywatno\u015bci | Grayling<\/title>\n<meta name=\"robots\" content=\"index, follow, max-snippet:-1, max-image-preview:large, max-video-preview:-1\" \/>\n<link rel=\"canonical\" href=\"https:\/\/grayling.com\/de\/polityka-prywatnosci\/\" \/>\n<meta property=\"og:locale\" content=\"de_DE\" \/>\n<meta property=\"og:type\" content=\"article\" \/>\n<meta property=\"og:title\" content=\"Polityka prywatno\u015bci | Grayling\" \/>\n<meta property=\"og:description\" content=\"1. Wprowadzenie Grayling Communications Ltd nale\u017cy do grupy Huntsworth plc (zwan\u0105 dalej Grup\u0105 Huntsworth). W niniejszej Polityce prywatno\u015bci opisano, w jaki spos\u00f3b korzystamy z danych osobowych u\u017cytkownik\u00f3w (okre\u015blanych r\u00f3wnie\u017c jako \u201einformacje\u201d). Opisali\u015bmy w niej: jakie informacje o u\u017cytkownikach zbieramy, w jaki spos\u00f3b wykorzystujemy informacje o u\u017cytkownikach, komu udost\u0119pniamy informacje o u\u017cytkownikach, jakie prawa przys\u0142uguj\u0105 u\u017cytkownikom...\" \/>\n<meta property=\"og:url\" content=\"https:\/\/grayling.com\/de\/polityka-prywatnosci\/\" \/>\n<meta property=\"og:site_name\" content=\"Grayling\" \/>\n<meta property=\"article:modified_time\" content=\"2023-08-09T09:11:50+00:00\" \/>\n<meta name=\"twitter:card\" content=\"summary_large_image\" \/>\n<meta name=\"twitter:label1\" content=\"Gesch\u00e4tzte Lesezeit\" \/>\n\t<meta name=\"twitter:data1\" content=\"5 Minuten\" \/>\n<script type=\"application\/ld+json\" class=\"yoast-schema-graph\">{\"@context\":\"https:\/\/schema.org\",\"@graph\":[{\"@type\":\"WebPage\",\"@id\":\"https:\/\/grayling.com\/de\/polityka-prywatnosci\/\",\"url\":\"https:\/\/grayling.com\/de\/polityka-prywatnosci\/\",\"name\":\"Polityka prywatno\u015bci | Grayling\",\"isPartOf\":{\"@id\":\"https:\/\/grayling.com\/de\/#website\"},\"datePublished\":\"2020-04-01T13:22:33+00:00\",\"dateModified\":\"2023-08-09T09:11:50+00:00\",\"breadcrumb\":{\"@id\":\"https:\/\/grayling.com\/de\/polityka-prywatnosci\/#breadcrumb\"},\"inLanguage\":\"de-DE\",\"potentialAction\":[{\"@type\":\"ReadAction\",\"target\":[\"https:\/\/grayling.com\/de\/polityka-prywatnosci\/\"]}]},{\"@type\":\"BreadcrumbList\",\"@id\":\"https:\/\/grayling.com\/de\/polityka-prywatnosci\/#breadcrumb\",\"itemListElement\":[{\"@type\":\"ListItem\",\"position\":1,\"name\":\"Home\",\"item\":\"https:\/\/grayling.com\/de\/\"},{\"@type\":\"ListItem\",\"position\":2,\"name\":\"Polityka prywatno\u015bci\"}]},{\"@type\":\"WebSite\",\"@id\":\"https:\/\/grayling.com\/de\/#website\",\"url\":\"https:\/\/grayling.com\/de\/\",\"name\":\"Grayling\",\"description\":\"We create advantage\",\"publisher\":{\"@id\":\"https:\/\/grayling.com\/de\/#organization\"},\"potentialAction\":[{\"@type\":\"SearchAction\",\"target\":{\"@type\":\"EntryPoint\",\"urlTemplate\":\"https:\/\/grayling.com\/de\/?s={search_term_string}\"},\"query-input\":{\"@type\":\"PropertyValueSpecification\",\"valueRequired\":true,\"valueName\":\"search_term_string\"}}],\"inLanguage\":\"de-DE\"},{\"@type\":\"Organization\",\"@id\":\"https:\/\/grayling.com\/de\/#organization\",\"name\":\"Grayling\",\"url\":\"https:\/\/grayling.com\/de\/\",\"logo\":{\"@type\":\"ImageObject\",\"inLanguage\":\"de-DE\",\"@id\":\"https:\/\/grayling.com\/de\/#\/schema\/logo\/image\/\",\"url\":\"https:\/\/grayling.com\/wp-content\/uploads\/2020\/08\/logo.jpg\",\"contentUrl\":\"https:\/\/grayling.com\/wp-content\/uploads\/2020\/08\/logo.jpg\",\"width\":2009,\"height\":510,\"caption\":\"Grayling\"},\"image\":{\"@id\":\"https:\/\/grayling.com\/de\/#\/schema\/logo\/image\/\"}}]}<\/script>\n<!-- \/ Yoast SEO plugin. -->","yoast_head_json":{"title":"Polityka prywatno\u015bci | Grayling","robots":{"index":"index","follow":"follow","max-snippet":"max-snippet:-1","max-image-preview":"max-image-preview:large","max-video-preview":"max-video-preview:-1"},"canonical":"https:\/\/grayling.com\/de\/polityka-prywatnosci\/","og_locale":"de_DE","og_type":"article","og_title":"Polityka prywatno\u015bci | Grayling","og_description":"1. Wprowadzenie Grayling Communications Ltd nale\u017cy do grupy Huntsworth plc (zwan\u0105 dalej Grup\u0105 Huntsworth). W niniejszej Polityce prywatno\u015bci opisano, w jaki spos\u00f3b korzystamy z danych osobowych u\u017cytkownik\u00f3w (okre\u015blanych r\u00f3wnie\u017c jako \u201einformacje\u201d). Opisali\u015bmy w niej: jakie informacje o u\u017cytkownikach zbieramy, w jaki spos\u00f3b wykorzystujemy informacje o u\u017cytkownikach, komu udost\u0119pniamy informacje o u\u017cytkownikach, jakie prawa przys\u0142uguj\u0105 u\u017cytkownikom...","og_url":"https:\/\/grayling.com\/de\/polityka-prywatnosci\/","og_site_name":"Grayling","article_modified_time":"2023-08-09T09:11:50+00:00","twitter_card":"summary_large_image","twitter_misc":{"Gesch\u00e4tzte Lesezeit":"5 Minuten"},"schema":{"@context":"https:\/\/schema.org","@graph":[{"@type":"WebPage","@id":"https:\/\/grayling.com\/de\/polityka-prywatnosci\/","url":"https:\/\/grayling.com\/de\/polityka-prywatnosci\/","name":"Polityka prywatno\u015bci | Grayling","isPartOf":{"@id":"https:\/\/grayling.com\/de\/#website"},"datePublished":"2020-04-01T13:22:33+00:00","dateModified":"2023-08-09T09:11:50+00:00","breadcrumb":{"@id":"https:\/\/grayling.com\/de\/polityka-prywatnosci\/#breadcrumb"},"inLanguage":"de-DE","potentialAction":[{"@type":"ReadAction","target":["https:\/\/grayling.com\/de\/polityka-prywatnosci\/"]}]},{"@type":"BreadcrumbList","@id":"https:\/\/grayling.com\/de\/polityka-prywatnosci\/#breadcrumb","itemListElement":[{"@type":"ListItem","position":1,"name":"Home","item":"https:\/\/grayling.com\/de\/"},{"@type":"ListItem","position":2,"name":"Polityka prywatno\u015bci"}]},{"@type":"WebSite","@id":"https:\/\/grayling.com\/de\/#website","url":"https:\/\/grayling.com\/de\/","name":"Grayling","description":"We create advantage","publisher":{"@id":"https:\/\/grayling.com\/de\/#organization"},"potentialAction":[{"@type":"SearchAction","target":{"@type":"EntryPoint","urlTemplate":"https:\/\/grayling.com\/de\/?s={search_term_string}"},"query-input":{"@type":"PropertyValueSpecification","valueRequired":true,"valueName":"search_term_string"}}],"inLanguage":"de-DE"},{"@type":"Organization","@id":"https:\/\/grayling.com\/de\/#organization","name":"Grayling","url":"https:\/\/grayling.com\/de\/","logo":{"@type":"ImageObject","inLanguage":"de-DE","@id":"https:\/\/grayling.com\/de\/#\/schema\/logo\/image\/","url":"https:\/\/grayling.com\/wp-content\/uploads\/2020\/08\/logo.jpg","contentUrl":"https:\/\/grayling.com\/wp-content\/uploads\/2020\/08\/logo.jpg","width":2009,"height":510,"caption":"Grayling"},"image":{"@id":"https:\/\/grayling.com\/de\/#\/schema\/logo\/image\/"}}]}},"_links":{"self":[{"href":"https:\/\/grayling.com\/de\/wp-json\/wp\/v2\/pages\/1420","targetHints":{"allow":["GET"]}}],"collection":[{"href":"https:\/\/grayling.com\/de\/wp-json\/wp\/v2\/pages"}],"about":[{"href":"https:\/\/grayling.com\/de\/wp-json\/wp\/v2\/types\/page"}],"author":[{"embeddable":true,"href":"https:\/\/grayling.com\/de\/wp-json\/wp\/v2\/users\/5"}],"replies":[{"embeddable":true,"href":"https:\/\/grayling.com\/de\/wp-json\/wp\/v2\/comments?post=1420"}],"version-history":[{"count":0,"href":"https:\/\/grayling.com\/de\/wp-json\/wp\/v2\/pages\/1420\/revisions"}],"wp:attachment":[{"href":"https:\/\/grayling.com\/de\/wp-json\/wp\/v2\/media?parent=1420"}],"curies":[{"name":"wp","href":"https:\/\/api.w.org\/{rel}","templated":true}]}}